{"id":3340,"date":"2020-02-25T20:51:34","date_gmt":"2020-02-25T19:51:34","guid":{"rendered":"https:\/\/www.intercell.nl\/qualita\/"},"modified":"2025-07-09T15:02:31","modified_gmt":"2025-07-09T14:02:31","slug":"qualita","status":"publish","type":"page","link":"https:\/\/www.intercell.nl\/it\/qualita\/","title":{"rendered":"Qualit\u00e0"},"content":{"rendered":"<p>[et_pb_section fb_built=&#8221;1&#8243; fullwidth=&#8221;on&#8221; custom_padding_last_edited=&#8221;on|desktop&#8221; _builder_version=&#8221;4.16&#8243; background_image=&#8221;https:\/\/www.intercell.nl\/wp-content\/uploads\/2020\/02\/slider-boven.jpg&#8221; custom_padding_tablet=&#8221;50px|0|50px|0&#8243; custom_padding_phone=&#8221;&#8221; global_colors_info=&#8221;{}&#8221;][et_pb_fullwidth_header title=&#8221;Qualit\u00e0&#8221; text_orientation=&#8221;center&#8221; content_max_width=&#8221;none&#8221; title_font_color=&#8221;#ffffff&#8221; admin_label=&#8221;Kop met beeld&#8221; _builder_version=&#8221;4.16&#8243; title_text_color=&#8221;#ffffff&#8221; title_font_size=&#8221;60px&#8221; background_color=&#8221;rgba(255, 255, 255, 0)&#8221; title_font_size_tablet=&#8221;40px&#8221; title_font_size_phone=&#8221;30px&#8221; title_font_size_last_edited=&#8221;on|phone&#8221; custom_css_title=&#8221;font-weight:200;&#8221; button_one_letter_spacing_hover=&#8221;0&#8243; button_two_letter_spacing_hover=&#8221;0&#8243; global_colors_info=&#8221;{}&#8221; button_one_text_size__hover_enabled=&#8221;off&#8221; button_two_text_size__hover_enabled=&#8221;off&#8221; button_one_text_color__hover_enabled=&#8221;off&#8221; button_two_text_color__hover_enabled=&#8221;off&#8221; button_one_border_width__hover_enabled=&#8221;off&#8221; button_two_border_width__hover_enabled=&#8221;off&#8221; button_one_border_color__hover_enabled=&#8221;off&#8221; button_two_border_color__hover_enabled=&#8221;off&#8221; button_one_border_radius__hover_enabled=&#8221;off&#8221; button_two_border_radius__hover_enabled=&#8221;off&#8221; button_one_letter_spacing__hover_enabled=&#8221;on&#8221; button_one_letter_spacing__hover=&#8221;0&#8243; button_two_letter_spacing__hover_enabled=&#8221;on&#8221; button_two_letter_spacing__hover=&#8221;0&#8243; button_one_bg_color__hover_enabled=&#8221;off&#8221; button_two_bg_color__hover_enabled=&#8221;off&#8221;][\/et_pb_fullwidth_header][\/et_pb_section][et_pb_section fb_built=&#8221;1&#8243; custom_padding_last_edited=&#8221;on|desktop&#8221; admin_label=&#8221;section&#8221; module_id=&#8221;opportunit\u00e0&#8221; _builder_version=&#8221;4.16&#8243; custom_padding_tablet=&#8221;50px|0|50px|0&#8243; custom_padding_phone=&#8221;&#8221; transparent_background=&#8221;off&#8221; padding_mobile=&#8221;off&#8221; make_fullwidth=&#8221;off&#8221; use_custom_width=&#8221;off&#8221; width_unit=&#8221;on&#8221; global_colors_info=&#8221;{}&#8221;][et_pb_row column_structure=&#8221;1_2,1_2&#8243; admin_label=&#8221;riga&#8221; _builder_version=&#8221;4.16&#8243; background_size=&#8221;initial&#8221; background_position=&#8221;top_left&#8221; background_repeat=&#8221;repeat&#8221; global_colors_info=&#8221;{}&#8221;][et_pb_column type=&#8221;1_2&#8243; _builder_version=&#8221;4.16&#8243; custom_padding=&#8221;|||&#8221; global_colors_info=&#8221;{}&#8221; custom_padding__hover=&#8221;|||&#8221;][et_pb_text admin_label=&#8221;Titel ISO 14001&#8243; _builder_version=&#8221;4.16&#8243; text_text_color=&#8221;#1d8acb&#8221; text_font_size=&#8221;48&#8243; text_line_height=&#8221;1.5em&#8221; background_size=&#8221;initial&#8221; background_position=&#8221;top_left&#8221; background_repeat=&#8221;repeat&#8221; text_font_size_tablet=&#8221;30&#8243; text_font_size_phone=&#8221;22&#8243; text_font_size_last_edited=&#8221;on|phone&#8221; custom_css_main_element=&#8221;font-weight:200;&#8221; use_border_color=&#8221;off&#8221; border_color=&#8221;#ffffff&#8221; border_style=&#8221;solid&#8221; global_colors_info=&#8221;{}&#8221;]ISO 14001<br \/>\n[\/et_pb_text][et_pb_text _builder_version=&#8221;4.16&#8243; text_text_color=&#8221;#3f3f3f&#8221; text_font_size=&#8221;18&#8243; text_line_height=&#8221;1.5em&#8221; background_size=&#8221;initial&#8221; background_position=&#8221;top_left&#8221; background_repeat=&#8221;repeat&#8221; text_font_size_tablet=&#8221;16&#8243; text_font_size_phone=&#8221;12&#8243; text_font_size_last_edited=&#8221;on|phone&#8221; custom_css_main_element=&#8221;font-weight:300;&#8221; border_style=&#8221;solid&#8221; global_colors_info=&#8221;{}&#8221;]ISO 14001 \u00e8 uno standard accettato a livello internazionale che indica ci\u00f2 che dovrebbe soddisfare un buon sistema di gestione ambientale. Il sistema di gestione ambientale di Priema Cetra \u00e8 certificato secondo questo standard.<\/p>\n<p><a href=\"https:\/\/priemabv.nl\/wp-content\/uploads\/certificaten\/ISO-14001-Priema-Metaalwaren-ENG.pdf\">Certificate ISO 14001 &#8211; Hoevelaken Inglese<\/a><\/p>\n<p><a href=\"https:\/\/priemabv.nl\/wp-content\/uploads\/certificaten\/ISO-14001-Priema-Cetra-ENG.pdf\">Certificato ISO 14001 &#8211; Hardenberg Inglese<\/a>[\/et_pb_text][\/et_pb_column][et_pb_column type=&#8221;1_2&#8243; _builder_version=&#8221;4.16&#8243; custom_padding=&#8221;|||&#8221; global_colors_info=&#8221;{}&#8221; custom_padding__hover=&#8221;|||&#8221;][et_pb_image src=&#8221;https:\/\/www.intercell.nl\/wp-content\/uploads\/2021\/09\/logo-ISO14001.jpg&#8221; alt=&#8221;Priema BV ISO 14001&#8243; title_text=&#8221;logo ISO14001&#8243; align=&#8221;center&#8221; align_tablet=&#8221;center&#8221; align_phone=&#8221;&#8221; align_last_edited=&#8221;on|desktop&#8221; _builder_version=&#8221;4.16&#8243; max_width=&#8221;300px&#8221; use_border_color=&#8221;off&#8221; global_colors_info=&#8221;{}&#8221;][\/et_pb_image][\/et_pb_column][\/et_pb_row][et_pb_row _builder_version=&#8221;4.16&#8243; background_size=&#8221;initial&#8221; background_position=&#8221;top_left&#8221; background_repeat=&#8221;repeat&#8221; global_colors_info=&#8221;{}&#8221;][et_pb_column type=&#8221;4_4&#8243; _builder_version=&#8221;4.16&#8243; custom_padding=&#8221;|||&#8221; global_colors_info=&#8221;{}&#8221; custom_padding__hover=&#8221;|||&#8221;][et_pb_divider color=&#8221;#d6d9db&#8221; disabled_on=&#8221;on|on|off&#8221; _builder_version=&#8221;3.2&#8243; hide_on_mobile=&#8221;on&#8221;][\/et_pb_divider][\/et_pb_column][\/et_pb_row][et_pb_row column_structure=&#8221;1_2,1_2&#8243; admin_label=&#8221;riga&#8221; _builder_version=&#8221;4.16&#8243; background_size=&#8221;initial&#8221; background_position=&#8221;top_left&#8221; background_repeat=&#8221;repeat&#8221; global_colors_info=&#8221;{}&#8221;][et_pb_column type=&#8221;1_2&#8243; _builder_version=&#8221;4.16&#8243; custom_padding=&#8221;|||&#8221; global_colors_info=&#8221;{}&#8221; custom_padding__hover=&#8221;|||&#8221;][et_pb_image src=&#8221;https:\/\/www.intercell.nl\/wp-content\/uploads\/2024\/12\/ISO-9001-CMYK.jpg&#8221; alt=&#8221;Priema BV ISO 9001&#8243; title_text=&#8221;logo ISO 9001&#8243; align=&#8221;center&#8221; align_tablet=&#8221;center&#8221; align_phone=&#8221;&#8221; align_last_edited=&#8221;on|desktop&#8221; _builder_version=&#8221;4.27.3&#8243; max_width=&#8221;340px&#8221; use_border_color=&#8221;off&#8221; global_colors_info=&#8221;{}&#8221;][\/et_pb_image][\/et_pb_column][et_pb_column type=&#8221;1_2&#8243; _builder_version=&#8221;4.16&#8243; custom_padding=&#8221;|||&#8221; global_colors_info=&#8221;{}&#8221; custom_padding__hover=&#8221;|||&#8221;][et_pb_text admin_label=&#8221;Titel ISO 9001&#8243; _builder_version=&#8221;4.16&#8243; text_text_color=&#8221;#1d8acb&#8221; text_font_size=&#8221;48&#8243; text_line_height=&#8221;1.5em&#8221; background_size=&#8221;initial&#8221; background_position=&#8221;top_left&#8221; background_repeat=&#8221;repeat&#8221; text_font_size_tablet=&#8221;30&#8243; text_font_size_phone=&#8221;22&#8243; text_font_size_last_edited=&#8221;on|phone&#8221; custom_css_main_element=&#8221;font-weight:200;&#8221; use_border_color=&#8221;off&#8221; border_color=&#8221;#ffffff&#8221; border_style=&#8221;solid&#8221; global_colors_info=&#8221;{}&#8221;]ISO 9001<br \/>\n[\/et_pb_text][et_pb_text _builder_version=&#8221;4.27.0&#8243; text_text_color=&#8221;#3f3f3f&#8221; text_font_size=&#8221;18&#8243; text_line_height=&#8221;1.5em&#8221; background_size=&#8221;initial&#8221; background_position=&#8221;top_left&#8221; background_repeat=&#8221;repeat&#8221; text_font_size_tablet=&#8221;16&#8243; text_font_size_phone=&#8221;12&#8243; text_font_size_last_edited=&#8221;on|phone&#8221; custom_css_main_element=&#8221;font-weight:300;&#8221; saved_tabs=&#8221;all&#8221; global_colors_info=&#8221;{}&#8221;]ISO 9001: 2008 \u00e8 uno standard che stabilisce i requisiti per il sistema di gestione della qualit\u00e0 di un&#8217;organizzazione. La ISO 9001 enfatizza la soddisfazione del cliente e la conseguente garanzia di qualit\u00e0 e miglioramento continuo.<br \/>\nPriema ha ottenuto il certificato ISO 9001 dal 1996.<\/p>\n<p><a href=\"https:\/\/priemabv.nl\/wp-content\/uploads\/certificaten\/ISO-9001-Priema-Metaalwaren-ENG.pdf\">Certificato ISO 9001 &#8211; Hoevelaken Inglese<\/a><\/p>\n<p><a href=\"https:\/\/priemabv.nl\/wp-content\/uploads\/certificaten\/ISO-9001-Priema-Cetra-ENG.pdf\">Certificato ISO 9001 &#8211; Hardenberg Inglese<\/a><\/p>\n<p><a href=\"https:\/\/priemabv.nl\/wp-content\/uploads\/certificaten\/ISO-9001-Priema-CZ-ENG.pdf\">Certificato ISO 9001 &#8211; Breclav Inglese<\/a>[\/et_pb_text][\/et_pb_column][\/et_pb_row][et_pb_row _builder_version=&#8221;4.16&#8243; background_size=&#8221;initial&#8221; background_position=&#8221;top_left&#8221; background_repeat=&#8221;repeat&#8221; global_colors_info=&#8221;{}&#8221;][et_pb_column type=&#8221;4_4&#8243; _builder_version=&#8221;4.16&#8243; custom_padding=&#8221;|||&#8221; global_colors_info=&#8221;{}&#8221; custom_padding__hover=&#8221;|||&#8221;][et_pb_divider color=&#8221;#d6d9db&#8221; disabled_on=&#8221;on|on|off&#8221; _builder_version=&#8221;3.2&#8243; hide_on_mobile=&#8221;on&#8221;][\/et_pb_divider][\/et_pb_column][\/et_pb_row][et_pb_row column_structure=&#8221;1_2,1_2&#8243; admin_label=&#8221;riga&#8221; _builder_version=&#8221;4.16&#8243; background_size=&#8221;initial&#8221; background_position=&#8221;top_left&#8221; background_repeat=&#8221;repeat&#8221; global_colors_info=&#8221;{}&#8221;][et_pb_column type=&#8221;1_2&#8243; _builder_version=&#8221;4.16&#8243; custom_padding=&#8221;|||&#8221; global_colors_info=&#8221;{}&#8221; custom_padding__hover=&#8221;|||&#8221;][et_pb_text admin_label=&#8221;Titel ISO\/TS 16949&#8243; _builder_version=&#8221;4.16&#8243; text_text_color=&#8221;#1d8acb&#8221; text_font_size=&#8221;48&#8243; text_line_height=&#8221;1.5em&#8221; background_size=&#8221;initial&#8221; background_position=&#8221;top_left&#8221; background_repeat=&#8221;repeat&#8221; text_font_size_tablet=&#8221;30&#8243; text_font_size_phone=&#8221;22&#8243; text_font_size_last_edited=&#8221;on|phone&#8221; custom_css_main_element=&#8221;font-weight:200;&#8221; use_border_color=&#8221;off&#8221; global_colors_info=&#8221;{}&#8221;]ISO 3834[\/et_pb_text][et_pb_text _builder_version=&#8221;4.16&#8243; text_text_color=&#8221;#3f3f3f&#8221; text_font_size=&#8221;18&#8243; text_line_height=&#8221;1.5em&#8221; background_size=&#8221;initial&#8221; background_position=&#8221;top_left&#8221; background_repeat=&#8221;repeat&#8221; text_font_size_tablet=&#8221;16&#8243; text_font_size_phone=&#8221;12&#8243; text_font_size_last_edited=&#8221;on|phone&#8221; custom_css_main_element=&#8221;font-weight:300;&#8221; use_border_color=&#8221;off&#8221; saved_tabs=&#8221;all&#8221; global_colors_info=&#8221;{}&#8221;]Il certificato ISO 3834-2 garantisce tutti i requisiti di qualit\u00e0 della saldatura qualificata per i clienti all&#8217;interno di Priema BV. ISO 3834-2 \u00e8 un sistema internazionale di garanzia della qualit\u00e0 per i processi di saldatura per fusione. La saldatura \u00e8 un processo speciale che comporta molti rischi. \u00c8 quindi logico che i nostri clienti stabiliscano i requisiti per questo. La certificazione \u00e8 quasi sempre richiesta dai clienti in tutti i mercati come la difesa, l&#8217;offshore, l&#8217;automotive, le infrastrutture ferroviarie e l&#8217;industria petrolchimica.<\/p>\n<p>All&#8217;interno del nostro sistema di qualit\u00e0, i compiti e le responsabilit\u00e0 che circondano le attivit\u00e0 di saldatura sono chiari. Un ruolo di primo piano in questo \u00e8 svolto da un coordinatore di saldatura. I compiti del coordinatore della saldatura riguardano la determinazione dei metodi di saldatura corretti, le qualifiche di saldatura, la preparazione, la produzione, il coordinamento, le attrezzature, la tracciabilit\u00e0, il monitoraggio del processo, l&#8217;ispezione e il controllo del processo di saldatura.<\/p>\n<p>Con il certificato ISO 3834-2, Priema soddisfa i criteri pi\u00f9 severi all&#8217;interno di questo standard e quindi soddisfa anche tutti i requisiti ISO 3834 dei nostri clienti per la saldatura di acciaio nero, non ferroso e alluminio.<\/p>\n<p><a href=\"https:\/\/priemabv.nl\/wp-content\/uploads\/certificaten\/ISO-3834-Priema-Metaalwaren-ENG.pdf\">Certificato ISO 3834 &#8211; Hoevelaken Inglese<\/a><\/p>\n<p><a href=\"https:\/\/priemabv.nl\/wp-content\/uploads\/certificaten\/ISO-3834-Priema-Cetra-ENG.pdf\">Certificato ISO 3834 &#8211; Hardenberg Inglese<\/a>[\/et_pb_text][\/et_pb_column][et_pb_column type=&#8221;1_2&#8243; _builder_version=&#8221;4.16&#8243; custom_padding=&#8221;|||&#8221; global_colors_info=&#8221;{}&#8221; custom_padding__hover=&#8221;|||&#8221;][et_pb_image src=&#8221;https:\/\/www.intercell.nl\/wp-content\/uploads\/2025\/01\/ISO-3834-RvA-C-278-CMYK.jpg&#8221; alt=&#8221;Priema BV ISO \/ TS 16949&#8243; title_text=&#8221;logo ISO 3843&#8243; align=&#8221;center&#8221; align_tablet=&#8221;center&#8221; align_phone=&#8221;&#8221; align_last_edited=&#8221;on|desktop&#8221; _builder_version=&#8221;4.27.3&#8243; hover_enabled=&#8221;0&#8243; use_border_color=&#8221;off&#8221; global_colors_info=&#8221;{}&#8221; force_fullwidth=&#8221;on&#8221; sticky_enabled=&#8221;0&#8243;][\/et_pb_image][\/et_pb_column][\/et_pb_row][et_pb_row _builder_version=&#8221;4.16&#8243; background_size=&#8221;initial&#8221; background_position=&#8221;top_left&#8221; background_repeat=&#8221;repeat&#8221; global_colors_info=&#8221;{}&#8221;][et_pb_column type=&#8221;4_4&#8243; _builder_version=&#8221;4.16&#8243; custom_padding=&#8221;|||&#8221; global_colors_info=&#8221;{}&#8221; custom_padding__hover=&#8221;|||&#8221;][et_pb_divider color=&#8221;#d6d9db&#8221; disabled_on=&#8221;on|on|off&#8221; _builder_version=&#8221;3.2&#8243; hide_on_mobile=&#8221;on&#8221;][\/et_pb_divider][\/et_pb_column][\/et_pb_row][et_pb_row column_structure=&#8221;1_2,1_2&#8243; admin_label=&#8221;riga&#8221; _builder_version=&#8221;4.16&#8243; background_size=&#8221;initial&#8221; background_position=&#8221;top_left&#8221; background_repeat=&#8221;repeat&#8221; global_colors_info=&#8221;{}&#8221;][et_pb_column type=&#8221;1_2&#8243; _builder_version=&#8221;4.16&#8243; custom_padding=&#8221;|||&#8221; global_colors_info=&#8221;{}&#8221; custom_padding__hover=&#8221;|||&#8221;][et_pb_image src=&#8221;https:\/\/www.intercell.nl\/wp-content\/uploads\/2024\/12\/IATF-16949-CMYK.jpg&#8221; alt=&#8221;Priema BV ISO \/ TS 16949&#8243; title_text=&#8221;logo IATF 16949&#8243; align=&#8221;center&#8221; align_tablet=&#8221;center&#8221; align_phone=&#8221;&#8221; align_last_edited=&#8221;on|desktop&#8221; _builder_version=&#8221;4.27.3&#8243; max_width=&#8221;340px&#8221; use_border_color=&#8221;off&#8221; global_colors_info=&#8221;{}&#8221;][\/et_pb_image][\/et_pb_column][et_pb_column type=&#8221;1_2&#8243; _builder_version=&#8221;4.16&#8243; custom_padding=&#8221;|||&#8221; global_colors_info=&#8221;{}&#8221; custom_padding__hover=&#8221;|||&#8221;][et_pb_text admin_label=&#8221;Titel ISO\/TS 16949&#8243; _builder_version=&#8221;4.16&#8243; text_text_color=&#8221;#1d8acb&#8221; text_font_size=&#8221;48&#8243; text_line_height=&#8221;1.5em&#8221; background_size=&#8221;initial&#8221; background_position=&#8221;top_left&#8221; background_repeat=&#8221;repeat&#8221; text_font_size_tablet=&#8221;30&#8243; text_font_size_phone=&#8221;22&#8243; text_font_size_last_edited=&#8221;on|phone&#8221; custom_css_main_element=&#8221;font-weight:200;&#8221; use_border_color=&#8221;off&#8221; global_colors_info=&#8221;{}&#8221;]IATF 16949<br \/>\n[\/et_pb_text][et_pb_text _builder_version=&#8221;4.27.0&#8243; text_text_color=&#8221;#3f3f3f&#8221; text_font_size=&#8221;18&#8243; text_line_height=&#8221;1.5em&#8221; background_size=&#8221;initial&#8221; background_position=&#8221;top_left&#8221; background_repeat=&#8221;repeat&#8221; text_font_size_tablet=&#8221;16&#8243; text_font_size_phone=&#8221;12&#8243; text_font_size_last_edited=&#8221;on|phone&#8221; custom_css_main_element=&#8221;font-weight:300;&#8221; use_border_color=&#8221;off&#8221; saved_tabs=&#8221;all&#8221; global_colors_info=&#8221;{}&#8221;]<\/p>\n<p>La IATF 16949 si basa sulla ISO 9001 ed \u00e8 stata integrata con requisiti specifici del settore per garantire strutturalmente una corretta definizione delle priorit\u00e0 e per ottenere un processo di miglioramento continuo utilizzando una serie di metodi comprovati. L&#8217;obiettivo finale di IATF 16949 \u00e8 aumentare l&#8217;affidabilit\u00e0 delle consegne e ridurre il livello dei costi lungo tutta la catena migliorando continuamente qualit\u00e0, efficacia ed efficienza.<br \/> Le filiali di Hoevelaken e Hardenberg sono certificate secondo questo standard.<\/p>\n<p><a href=\"https:\/\/priemabv.nl\/wp-content\/uploads\/certificaten\/IATF-16949-Priema-Metaalwaren-ENG.pdf\">Certificate IATF 16949 &#8211; Hoevelaken Inglese<\/a><\/p>\n<p><a href=\"https:\/\/priemabv.nl\/wp-content\/uploads\/certificaten\/IATF-16949-Priema-Cetra-ENG.pdf\">Certificato IATF 16949 &#8211; Hardenberg Inglese<\/a><\/p>\n<p><a href=\"https:\/\/priemabv.nl\/wp-content\/uploads\/certificaten\/IATF-16949-Priema-CZ-ENG.pdf\">Certificato IATF 16949 &#8211; Breclav Inglese<\/a><\/p>\n<p>[\/et_pb_text][\/et_pb_column][\/et_pb_row][\/et_pb_section]<\/p>\n","protected":false},"excerpt":{"rendered":"<p>ISO 14001 ISO 14001 \u00e8 uno standard accettato a livello internazionale che indica ci\u00f2 che dovrebbe soddisfare un buon sistema di gestione ambientale. Il sistema di gestione ambientale di Priema Cetra \u00e8 certificato secondo questo standard. Certificate ISO 14001 &#8211; Hoevelaken Inglese Certificato ISO 14001 &#8211; Hardenberg IngleseISO 9001 ISO 9001: 2008 \u00e8 uno standard [&hellip;]<\/p>\n","protected":false},"author":1,"featured_media":0,"parent":0,"menu_order":0,"comment_status":"closed","ping_status":"closed","template":"","meta":{"_et_pb_use_builder":"on","_et_pb_old_content":"","_et_gb_content_width":"","footnotes":""},"class_list":["post-3340","page","type-page","status-publish","hentry"],"yoast_head":"<!-- This site is optimized with the Yoast SEO plugin v27.5 - https:\/\/yoast.com\/product\/yoast-seo-wordpress\/ -->\n<title>Qualit\u00e0 - Intercell.nl<\/title>\n<meta name=\"description\" content=\"Grazie alle certificazioni ISO e IATF, Intercell dimostra il suo impegno verso la qualit\u00e0, la sostenibilit\u00e0 e l&#039;ottimizzazione dei processi.\" \/>\n<meta name=\"robots\" content=\"index, follow, max-snippet:-1, max-image-preview:large, max-video-preview:-1\" \/>\n<link rel=\"canonical\" href=\"https:\/\/www.intercell.nl\/it\/qualita\/\" \/>\n<meta property=\"og:locale\" content=\"it_IT\" \/>\n<meta property=\"og:type\" content=\"article\" \/>\n<meta property=\"og:title\" content=\"Qualit\u00e0 - Intercell.nl\" \/>\n<meta property=\"og:description\" content=\"Grazie alle certificazioni ISO e IATF, Intercell dimostra il suo impegno verso la qualit\u00e0, la sostenibilit\u00e0 e l&#039;ottimizzazione dei processi.\" \/>\n<meta property=\"og:url\" content=\"https:\/\/www.intercell.nl\/it\/qualita\/\" \/>\n<meta property=\"og:site_name\" content=\"Intercell.nl\" \/>\n<meta property=\"article:modified_time\" content=\"2025-07-09T14:02:31+00:00\" \/>\n<meta name=\"twitter:card\" content=\"summary_large_image\" \/>\n<meta name=\"twitter:label1\" content=\"Tempo di lettura stimato\" \/>\n\t<meta name=\"twitter:data1\" content=\"3 minuti\" \/>\n<script type=\"application\/ld+json\" class=\"yoast-schema-graph\">{\"@context\":\"https:\\\/\\\/schema.org\",\"@graph\":[{\"@type\":\"WebPage\",\"@id\":\"https:\\\/\\\/www.intercell.nl\\\/it\\\/qualita\\\/\",\"url\":\"https:\\\/\\\/www.intercell.nl\\\/it\\\/qualita\\\/\",\"name\":\"Qualit\u00e0 - Intercell.nl\",\"isPartOf\":{\"@id\":\"https:\\\/\\\/www.intercell.nl\\\/it\\\/#website\"},\"datePublished\":\"2020-02-25T19:51:34+00:00\",\"dateModified\":\"2025-07-09T14:02:31+00:00\",\"description\":\"Grazie alle certificazioni ISO e IATF, Intercell dimostra il suo impegno verso la qualit\u00e0, la sostenibilit\u00e0 e l'ottimizzazione dei processi.\",\"breadcrumb\":{\"@id\":\"https:\\\/\\\/www.intercell.nl\\\/it\\\/qualita\\\/#breadcrumb\"},\"inLanguage\":\"it-IT\",\"potentialAction\":[{\"@type\":\"ReadAction\",\"target\":[\"https:\\\/\\\/www.intercell.nl\\\/it\\\/qualita\\\/\"]}]},{\"@type\":\"BreadcrumbList\",\"@id\":\"https:\\\/\\\/www.intercell.nl\\\/it\\\/qualita\\\/#breadcrumb\",\"itemListElement\":[{\"@type\":\"ListItem\",\"position\":1,\"name\":\"Home\",\"item\":\"https:\\\/\\\/www.intercell.nl\\\/it\\\/\"},{\"@type\":\"ListItem\",\"position\":2,\"name\":\"Qualit\u00e0\"}]},{\"@type\":\"WebSite\",\"@id\":\"https:\\\/\\\/www.intercell.nl\\\/it\\\/#website\",\"url\":\"https:\\\/\\\/www.intercell.nl\\\/it\\\/\",\"name\":\"Intercell.nl\",\"description\":\"Sistema di gestione del pavimento a basso profilo, salvaspazio.\",\"publisher\":{\"@id\":\"https:\\\/\\\/www.intercell.nl\\\/it\\\/#organization\"},\"potentialAction\":[{\"@type\":\"SearchAction\",\"target\":{\"@type\":\"EntryPoint\",\"urlTemplate\":\"https:\\\/\\\/www.intercell.nl\\\/it\\\/?s={search_term_string}\"},\"query-input\":{\"@type\":\"PropertyValueSpecification\",\"valueRequired\":true,\"valueName\":\"search_term_string\"}}],\"inLanguage\":\"it-IT\"},{\"@type\":\"Organization\",\"@id\":\"https:\\\/\\\/www.intercell.nl\\\/it\\\/#organization\",\"name\":\"Intercell\",\"url\":\"https:\\\/\\\/www.intercell.nl\\\/it\\\/\",\"logo\":{\"@type\":\"ImageObject\",\"inLanguage\":\"it-IT\",\"@id\":\"https:\\\/\\\/www.intercell.nl\\\/it\\\/#\\\/schema\\\/logo\\\/image\\\/\",\"url\":\"https:\\\/\\\/www.intercell.nl\\\/wp-content\\\/uploads\\\/2020\\\/02\\\/Priema-Intercell-Logo-1.png\",\"contentUrl\":\"https:\\\/\\\/www.intercell.nl\\\/wp-content\\\/uploads\\\/2020\\\/02\\\/Priema-Intercell-Logo-1.png\",\"width\":665,\"height\":84,\"caption\":\"Intercell\"},\"image\":{\"@id\":\"https:\\\/\\\/www.intercell.nl\\\/it\\\/#\\\/schema\\\/logo\\\/image\\\/\"}}]}<\/script>\n<!-- \/ Yoast SEO plugin. -->","yoast_head_json":{"title":"Qualit\u00e0 - Intercell.nl","description":"Grazie alle certificazioni ISO e IATF, Intercell dimostra il suo impegno verso la qualit\u00e0, la sostenibilit\u00e0 e l'ottimizzazione dei processi.","robots":{"index":"index","follow":"follow","max-snippet":"max-snippet:-1","max-image-preview":"max-image-preview:large","max-video-preview":"max-video-preview:-1"},"canonical":"https:\/\/www.intercell.nl\/it\/qualita\/","og_locale":"it_IT","og_type":"article","og_title":"Qualit\u00e0 - Intercell.nl","og_description":"Grazie alle certificazioni ISO e IATF, Intercell dimostra il suo impegno verso la qualit\u00e0, la sostenibilit\u00e0 e l'ottimizzazione dei processi.","og_url":"https:\/\/www.intercell.nl\/it\/qualita\/","og_site_name":"Intercell.nl","article_modified_time":"2025-07-09T14:02:31+00:00","twitter_card":"summary_large_image","twitter_misc":{"Tempo di lettura stimato":"3 minuti"},"schema":{"@context":"https:\/\/schema.org","@graph":[{"@type":"WebPage","@id":"https:\/\/www.intercell.nl\/it\/qualita\/","url":"https:\/\/www.intercell.nl\/it\/qualita\/","name":"Qualit\u00e0 - Intercell.nl","isPartOf":{"@id":"https:\/\/www.intercell.nl\/it\/#website"},"datePublished":"2020-02-25T19:51:34+00:00","dateModified":"2025-07-09T14:02:31+00:00","description":"Grazie alle certificazioni ISO e IATF, Intercell dimostra il suo impegno verso la qualit\u00e0, la sostenibilit\u00e0 e l'ottimizzazione dei processi.","breadcrumb":{"@id":"https:\/\/www.intercell.nl\/it\/qualita\/#breadcrumb"},"inLanguage":"it-IT","potentialAction":[{"@type":"ReadAction","target":["https:\/\/www.intercell.nl\/it\/qualita\/"]}]},{"@type":"BreadcrumbList","@id":"https:\/\/www.intercell.nl\/it\/qualita\/#breadcrumb","itemListElement":[{"@type":"ListItem","position":1,"name":"Home","item":"https:\/\/www.intercell.nl\/it\/"},{"@type":"ListItem","position":2,"name":"Qualit\u00e0"}]},{"@type":"WebSite","@id":"https:\/\/www.intercell.nl\/it\/#website","url":"https:\/\/www.intercell.nl\/it\/","name":"Intercell.nl","description":"Sistema di gestione del pavimento a basso profilo, salvaspazio.","publisher":{"@id":"https:\/\/www.intercell.nl\/it\/#organization"},"potentialAction":[{"@type":"SearchAction","target":{"@type":"EntryPoint","urlTemplate":"https:\/\/www.intercell.nl\/it\/?s={search_term_string}"},"query-input":{"@type":"PropertyValueSpecification","valueRequired":true,"valueName":"search_term_string"}}],"inLanguage":"it-IT"},{"@type":"Organization","@id":"https:\/\/www.intercell.nl\/it\/#organization","name":"Intercell","url":"https:\/\/www.intercell.nl\/it\/","logo":{"@type":"ImageObject","inLanguage":"it-IT","@id":"https:\/\/www.intercell.nl\/it\/#\/schema\/logo\/image\/","url":"https:\/\/www.intercell.nl\/wp-content\/uploads\/2020\/02\/Priema-Intercell-Logo-1.png","contentUrl":"https:\/\/www.intercell.nl\/wp-content\/uploads\/2020\/02\/Priema-Intercell-Logo-1.png","width":665,"height":84,"caption":"Intercell"},"image":{"@id":"https:\/\/www.intercell.nl\/it\/#\/schema\/logo\/image\/"}}]}},"_links":{"self":[{"href":"https:\/\/www.intercell.nl\/it\/wp-json\/wp\/v2\/pages\/3340","targetHints":{"allow":["GET"]}}],"collection":[{"href":"https:\/\/www.intercell.nl\/it\/wp-json\/wp\/v2\/pages"}],"about":[{"href":"https:\/\/www.intercell.nl\/it\/wp-json\/wp\/v2\/types\/page"}],"author":[{"embeddable":true,"href":"https:\/\/www.intercell.nl\/it\/wp-json\/wp\/v2\/users\/1"}],"replies":[{"embeddable":true,"href":"https:\/\/www.intercell.nl\/it\/wp-json\/wp\/v2\/comments?post=3340"}],"version-history":[{"count":0,"href":"https:\/\/www.intercell.nl\/it\/wp-json\/wp\/v2\/pages\/3340\/revisions"}],"wp:attachment":[{"href":"https:\/\/www.intercell.nl\/it\/wp-json\/wp\/v2\/media?parent=3340"}],"curies":[{"name":"wp","href":"https:\/\/api.w.org\/{rel}","templated":true}]}}