{"id":3342,"date":"2020-02-25T20:51:34","date_gmt":"2020-02-25T19:51:34","guid":{"rendered":"https:\/\/www.intercell.nl\/calidad\/"},"modified":"2025-07-09T15:07:59","modified_gmt":"2025-07-09T14:07:59","slug":"calidad","status":"publish","type":"page","link":"https:\/\/www.intercell.nl\/es\/calidad\/","title":{"rendered":"Calidad"},"content":{"rendered":"<p>[et_pb_section fb_built=\u00bb1&#8243; fullwidth=\u00bbon\u00bb custom_padding_last_edited=\u00bbon|desktop\u00bb _builder_version=\u00bb4.16&#8243; background_image=\u00bbhttps:\/\/www.intercell.nl\/wp-content\/uploads\/2020\/02\/slider-boven.jpg\u00bb custom_padding_tablet=\u00bb50px|0|50px|0&#8243; custom_padding_phone=\u00bb\u00bb global_colors_info=\u00bb{}\u00bb][et_pb_fullwidth_header title=\u00bbCalidad\u00bb text_orientation=\u00bbcenter\u00bb content_max_width=\u00bbnone\u00bb title_font_color=\u00bb#ffffff\u00bb admin_label=\u00bbKop met beeld\u00bb _builder_version=\u00bb4.16&#8243; title_text_color=\u00bb#ffffff\u00bb title_font_size=\u00bb60px\u00bb background_color=\u00bbrgba(255, 255, 255, 0)\u00bb title_font_size_tablet=\u00bb40px\u00bb title_font_size_phone=\u00bb30px\u00bb title_font_size_last_edited=\u00bbon|phone\u00bb custom_css_title=\u00bbfont-weight:200;\u00bb button_one_letter_spacing_hover=\u00bb0&#8243; button_two_letter_spacing_hover=\u00bb0&#8243; global_colors_info=\u00bb{}\u00bb button_one_text_size__hover_enabled=\u00bboff\u00bb button_two_text_size__hover_enabled=\u00bboff\u00bb button_one_text_color__hover_enabled=\u00bboff\u00bb button_two_text_color__hover_enabled=\u00bboff\u00bb button_one_border_width__hover_enabled=\u00bboff\u00bb button_two_border_width__hover_enabled=\u00bboff\u00bb button_one_border_color__hover_enabled=\u00bboff\u00bb button_two_border_color__hover_enabled=\u00bboff\u00bb button_one_border_radius__hover_enabled=\u00bboff\u00bb button_two_border_radius__hover_enabled=\u00bboff\u00bb button_one_letter_spacing__hover_enabled=\u00bbon\u00bb button_one_letter_spacing__hover=\u00bb0&#8243; button_two_letter_spacing__hover_enabled=\u00bbon\u00bb button_two_letter_spacing__hover=\u00bb0&#8243; button_one_bg_color__hover_enabled=\u00bboff\u00bb button_two_bg_color__hover_enabled=\u00bboff\u00bb][\/et_pb_fullwidth_header][\/et_pb_section][et_pb_section fb_built=\u00bb1&#8243; custom_padding_last_edited=\u00bbon|desktop\u00bb admin_label=\u00bbsection\u00bb module_id=\u00bboportunidades\u00bb _builder_version=\u00bb4.16&#8243; custom_padding_tablet=\u00bb50px|0|50px|0&#8243; custom_padding_phone=\u00bb\u00bb transparent_background=\u00bboff\u00bb padding_mobile=\u00bboff\u00bb make_fullwidth=\u00bboff\u00bb use_custom_width=\u00bboff\u00bb width_unit=\u00bbon\u00bb global_colors_info=\u00bb{}\u00bb][et_pb_row column_structure=\u00bb1_2,1_2&#8243; admin_label=\u00bbfila\u00bb _builder_version=\u00bb4.16&#8243; background_size=\u00bbinitial\u00bb background_position=\u00bbtop_left\u00bb background_repeat=\u00bbrepeat\u00bb global_colors_info=\u00bb{}\u00bb][et_pb_column type=\u00bb1_2&#8243; _builder_version=\u00bb4.16&#8243; custom_padding=\u00bb|||\u00bb global_colors_info=\u00bb{}\u00bb custom_padding__hover=\u00bb|||\u00bb][et_pb_text admin_label=\u00bbTitel ISO 14001&#8243; _builder_version=\u00bb4.16&#8243; text_text_color=\u00bb#1d8acb\u00bb text_font_size=\u00bb48&#8243; text_line_height=\u00bb1.5em\u00bb background_size=\u00bbinitial\u00bb background_position=\u00bbtop_left\u00bb background_repeat=\u00bbrepeat\u00bb text_font_size_tablet=\u00bb30&#8243; text_font_size_phone=\u00bb22&#8243; text_font_size_last_edited=\u00bbon|phone\u00bb custom_css_main_element=\u00bbfont-weight:200;\u00bb use_border_color=\u00bboff\u00bb border_color=\u00bb#ffffff\u00bb border_style=\u00bbsolid\u00bb global_colors_info=\u00bb{}\u00bb]ISO 14001<br \/>\n[\/et_pb_text][et_pb_text _builder_version=\u00bb4.16&#8243; text_text_color=\u00bb#3f3f3f\u00bb text_font_size=\u00bb18&#8243; text_line_height=\u00bb1.5em\u00bb background_size=\u00bbinitial\u00bb background_position=\u00bbtop_left\u00bb background_repeat=\u00bbrepeat\u00bb text_font_size_tablet=\u00bb16&#8243; text_font_size_phone=\u00bb12&#8243; text_font_size_last_edited=\u00bbon|phone\u00bb custom_css_main_element=\u00bbfont-weight:300;\u00bb border_style=\u00bbsolid\u00bb global_colors_info=\u00bb{}\u00bb]ISO 14001 es un est\u00e1ndar internacionalmente aceptado que indica lo que debe cumplir un buen sistema de gesti\u00f3n ambiental. El sistema de gesti\u00f3n ambiental de Priema Cetra est\u00e1 certificado seg\u00fan esta norma.<\/p>\n<p><a href=\"https:\/\/priemabv.nl\/wp-<a href=\"https:\/\/priemabv.nl\/wp-content\/uploads\/certificaten\/ISO-14001-Priema-Metaalwaren-ENG.pdf\">Certificado ISO 14001 &#8211; Hoevelaken Ingl\u00e9s<\/a><\/p>\n<p><a href=\"https:\/\/priemabv.nl\/wp-content\/uploads\/certificaten\/ISO-14001-Priema-Cetra-ENG.pdf\">Certificado ISO 14001 &#8211; Hardenberg Ingl\u00e9s<\/a>[\/et_pb_text][\/et_pb_column][et_pb_column type=\u00bb1_2&#8243; _builder_version=\u00bb4.16&#8243; custom_padding=\u00bb|||\u00bb global_colors_info=\u00bb{}\u00bb custom_padding__hover=\u00bb|||\u00bb][et_pb_image src=\u00bbhttps:\/\/www.intercell.nl\/wp-content\/uploads\/2021\/09\/logo-ISO14001.jpg\u00bb alt=\u00bbPriema BV ISO 14001&#8243; title_text=\u00bblogo ISO14001&#8243; align=\u00bbcenter\u00bb align_tablet=\u00bbcenter\u00bb align_phone=\u00bb\u00bb align_last_edited=\u00bbon|desktop\u00bb _builder_version=\u00bb4.16&#8243; max_width=\u00bb300px\u00bb use_border_color=\u00bboff\u00bb global_colors_info=\u00bb{}\u00bb][\/et_pb_image][\/et_pb_column][\/et_pb_row][et_pb_row _builder_version=\u00bb4.16&#8243; background_size=\u00bbinitial\u00bb background_position=\u00bbtop_left\u00bb background_repeat=\u00bbrepeat\u00bb global_colors_info=\u00bb{}\u00bb][et_pb_column type=\u00bb4_4&#8243; _builder_version=\u00bb4.16&#8243; custom_padding=\u00bb|||\u00bb global_colors_info=\u00bb{}\u00bb custom_padding__hover=\u00bb|||\u00bb][et_pb_divider color=\u00bb#d6d9db\u00bb disabled_on=\u00bbon|on|off\u00bb _builder_version=\u00bb3.2&#8243; hide_on_mobile=\u00bbon\u00bb][\/et_pb_divider][\/et_pb_column][\/et_pb_row][et_pb_row column_structure=\u00bb1_2,1_2&#8243; admin_label=\u00bbfila\u00bb _builder_version=\u00bb4.16&#8243; background_size=\u00bbinitial\u00bb background_position=\u00bbtop_left\u00bb background_repeat=\u00bbrepeat\u00bb global_colors_info=\u00bb{}\u00bb][et_pb_column type=\u00bb1_2&#8243; _builder_version=\u00bb4.16&#8243; custom_padding=\u00bb|||\u00bb global_colors_info=\u00bb{}\u00bb custom_padding__hover=\u00bb|||\u00bb][et_pb_image src=\u00bbhttps:\/\/www.intercell.nl\/wp-content\/uploads\/2024\/12\/ISO-9001-CMYK.jpg\u00bb alt=\u00bbPriema BV ISO 9001&#8243; title_text=\u00bblogo ISO 9001&#8243; align=\u00bbcenter\u00bb align_tablet=\u00bbcenter\u00bb align_phone=\u00bb\u00bb align_last_edited=\u00bbon|desktop\u00bb _builder_version=\u00bb4.27.3&#8243; max_width=\u00bb340px\u00bb use_border_color=\u00bboff\u00bb global_colors_info=\u00bb{}\u00bb][\/et_pb_image][\/et_pb_column][et_pb_column type=\u00bb1_2&#8243; _builder_version=\u00bb4.16&#8243; custom_padding=\u00bb|||\u00bb global_colors_info=\u00bb{}\u00bb custom_padding__hover=\u00bb|||\u00bb][et_pb_text admin_label=\u00bbTitel ISO 9001&#8243; _builder_version=\u00bb4.16&#8243; text_text_color=\u00bb#1d8acb\u00bb text_font_size=\u00bb48&#8243; text_line_height=\u00bb1.5em\u00bb background_size=\u00bbinitial\u00bb background_position=\u00bbtop_left\u00bb background_repeat=\u00bbrepeat\u00bb text_font_size_tablet=\u00bb30&#8243; text_font_size_phone=\u00bb22&#8243; text_font_size_last_edited=\u00bbon|phone\u00bb custom_css_main_element=\u00bbfont-weight:200;\u00bb use_border_color=\u00bboff\u00bb border_color=\u00bb#ffffff\u00bb border_style=\u00bbsolid\u00bb global_colors_info=\u00bb{}\u00bb]ISO 9001<br \/>\n[\/et_pb_text][et_pb_text _builder_version=\u00bb4.27.0&#8243; text_text_color=\u00bb#3f3f3f\u00bb text_font_size=\u00bb18&#8243; text_line_height=\u00bb1.5em\u00bb background_size=\u00bbinitial\u00bb background_position=\u00bbtop_left\u00bb background_repeat=\u00bbrepeat\u00bb text_font_size_tablet=\u00bb16&#8243; text_font_size_phone=\u00bb12&#8243; text_font_size_last_edited=\u00bbon|phone\u00bb custom_css_main_element=\u00bbfont-weight:300;\u00bb saved_tabs=\u00bball\u00bb global_colors_info=\u00bb{}\u00bb]ISO 9001: 2008 es un est\u00e1ndar que establece los requisitos para el sistema de gesti\u00f3n de calidad de una organizaci\u00f3n. ISO 9001 enfatiza la satisfacci\u00f3n del cliente y la consiguiente garant\u00eda de calidad y mejora continua.<br \/>\nPriema posee el certificado ISO 9001 desde 1996.<\/p>\n<p><a href=\"https:\/\/priemabv.nl\/wp-content\/uploads\/certificaten\/ISO-9001-Priema-Metaalwaren-ENG.pdf\">Certificado ISO 9001 &#8211; Hoevelaken Ingl\u00e9s<\/a><\/p>\n<p><a href=\"https:\/\/priemabv.nl\/wp-content\/uploads\/certificaten\/ISO-9001-Priema-Cetra-ENG.pdf\">Certificado ISO 9001 &#8211; Hardenberg Ingl\u00e9s<\/a><\/p>\n<p><a href=\"https:\/\/priemabv.nl\/wp-content\/uploads\/certificaten\/ISO-9001-Priema-CZ-ENG.pdf\">Certificado ISO 9001 &#8211; Breclav Ingl\u00e9s<\/a>[\/et_pb_text][\/et_pb_column][\/et_pb_row][et_pb_row _builder_version=\u00bb4.16&#8243; background_size=\u00bbinitial\u00bb background_position=\u00bbtop_left\u00bb background_repeat=\u00bbrepeat\u00bb global_colors_info=\u00bb{}\u00bb][et_pb_column type=\u00bb4_4&#8243; _builder_version=\u00bb4.16&#8243; custom_padding=\u00bb|||\u00bb global_colors_info=\u00bb{}\u00bb custom_padding__hover=\u00bb|||\u00bb][et_pb_divider color=\u00bb#d6d9db\u00bb disabled_on=\u00bbon|on|off\u00bb _builder_version=\u00bb3.2&#8243; hide_on_mobile=\u00bbon\u00bb][\/et_pb_divider][\/et_pb_column][\/et_pb_row][et_pb_row column_structure=\u00bb1_2,1_2&#8243; admin_label=\u00bbfila\u00bb _builder_version=\u00bb4.16&#8243; background_size=\u00bbinitial\u00bb background_position=\u00bbtop_left\u00bb background_repeat=\u00bbrepeat\u00bb global_colors_info=\u00bb{}\u00bb][et_pb_column type=\u00bb1_2&#8243; _builder_version=\u00bb4.16&#8243; custom_padding=\u00bb|||\u00bb global_colors_info=\u00bb{}\u00bb custom_padding__hover=\u00bb|||\u00bb][et_pb_text admin_label=\u00bbTitel ISO\/TS 16949&#8243; _builder_version=\u00bb4.16&#8243; text_text_color=\u00bb#1d8acb\u00bb text_font_size=\u00bb48&#8243; text_line_height=\u00bb1.5em\u00bb background_size=\u00bbinitial\u00bb background_position=\u00bbtop_left\u00bb background_repeat=\u00bbrepeat\u00bb text_font_size_tablet=\u00bb30&#8243; text_font_size_phone=\u00bb22&#8243; text_font_size_last_edited=\u00bbon|phone\u00bb custom_css_main_element=\u00bbfont-weight:200;\u00bb use_border_color=\u00bboff\u00bb global_colors_info=\u00bb{}\u00bb]ISO 3834[\/et_pb_text][et_pb_text _builder_version=\u00bb4.16&#8243; text_text_color=\u00bb#3f3f3f\u00bb text_font_size=\u00bb18&#8243; text_line_height=\u00bb1.5em\u00bb background_size=\u00bbinitial\u00bb background_position=\u00bbtop_left\u00bb background_repeat=\u00bbrepeat\u00bb text_font_size_tablet=\u00bb16&#8243; text_font_size_phone=\u00bb12&#8243; text_font_size_last_edited=\u00bbon|phone\u00bb custom_css_main_element=\u00bbfont-weight:300;\u00bb use_border_color=\u00bboff\u00bb saved_tabs=\u00bball\u00bb global_colors_info=\u00bb{}\u00bb]El certificado ISO 3834-2 garantiza todos los requisitos de calidad de soldadura calificada para clientes dentro de Priema BV. ISO 3834-2 es un sistema internacional de garant\u00eda de calidad para los procesos de soldadura por fusi\u00f3n. La soldadura es un proceso especial que implica muchos riesgos. Por lo tanto, es l\u00f3gico que nuestros clientes establezcan requisitos para ello. La certificaci\u00f3n casi siempre es requerida por clientes en todos los mercados, como defensa, alta mar, automotriz, infraestructura ferroviaria y la industria petroqu\u00edmica.<\/p>\n<p>Dentro de nuestro sistema de calidad, las tareas y responsabilidades relacionadas con las actividades de soldadura son claras. Un papel destacado en esto lo desempe\u00f1a un coordinador de soldadura. Las tareas del coordinador de soldadura se relacionan con la determinaci\u00f3n de los m\u00e9todos de soldadura correctos, las calificaciones de soldadura, la preparaci\u00f3n, la producci\u00f3n, la coordinaci\u00f3n, el equipo, la trazabilidad, el seguimiento del proceso, la inspecci\u00f3n y el control del proceso de soldadura.<\/p>\n<p>Con el certificado ISO 3834-2, Priema cumple con los criterios m\u00e1s estrictos dentro de esta norma y por lo tanto tambi\u00e9n cumple con todos los requisitos ISO 3834 de nuestros clientes para soldadura de acero negro, no ferrosos y aluminio.<\/p>\n<p><a href=\"https:\/\/priemabv.nl\/wp-content\/uploads\/certificaten\/ISO-3834-Priema-Metaalwaren-ENG.pdf\">Certificado ISO 3834 &#8211; Hoevelaken  Ingl\u00e9s<\/a><\/p>\n<p><a href=\"https:\/\/priemabv.nl\/wp-content\/uploads\/certificaten\/ISO-3834-Priema-Cetra-ENG.pdf\">Certificado ISO 3834 &#8211; Hardenberg Ingl\u00e9s<\/a>[\/et_pb_text][\/et_pb_column][et_pb_column type=\u00bb1_2&#8243; _builder_version=\u00bb4.16&#8243; custom_padding=\u00bb|||\u00bb global_colors_info=\u00bb{}\u00bb custom_padding__hover=\u00bb|||\u00bb][et_pb_image src=\u00bbhttps:\/\/www.intercell.nl\/wp-content\/uploads\/2025\/01\/ISO-3834-RvA-C-278-CMYK.jpg\u00bb alt=\u00bbPriema BV ISO \/ TS 16949&#8243; title_text=\u00bblogo ISO 3843&#8243; align=\u00bbcenter\u00bb align_tablet=\u00bbcenter\u00bb align_phone=\u00bb\u00bb align_last_edited=\u00bbon|desktop\u00bb _builder_version=\u00bb4.27.3&#8243; hover_enabled=\u00bb0&#8243; use_border_color=\u00bboff\u00bb global_colors_info=\u00bb{}\u00bb force_fullwidth=\u00bbon\u00bb sticky_enabled=\u00bb0&#8243;][\/et_pb_image][\/et_pb_column][\/et_pb_row][et_pb_row _builder_version=\u00bb4.16&#8243; background_size=\u00bbinitial\u00bb background_position=\u00bbtop_left\u00bb background_repeat=\u00bbrepeat\u00bb global_colors_info=\u00bb{}\u00bb][et_pb_column type=\u00bb4_4&#8243; _builder_version=\u00bb4.16&#8243; custom_padding=\u00bb|||\u00bb global_colors_info=\u00bb{}\u00bb custom_padding__hover=\u00bb|||\u00bb][et_pb_divider color=\u00bb#d6d9db\u00bb disabled_on=\u00bbon|on|off\u00bb _builder_version=\u00bb3.2&#8243; hide_on_mobile=\u00bbon\u00bb][\/et_pb_divider][\/et_pb_column][\/et_pb_row][et_pb_row column_structure=\u00bb1_2,1_2&#8243; admin_label=\u00bbfila\u00bb _builder_version=\u00bb4.16&#8243; background_size=\u00bbinitial\u00bb background_position=\u00bbtop_left\u00bb background_repeat=\u00bbrepeat\u00bb global_colors_info=\u00bb{}\u00bb][et_pb_column type=\u00bb1_2&#8243; _builder_version=\u00bb4.16&#8243; custom_padding=\u00bb|||\u00bb global_colors_info=\u00bb{}\u00bb custom_padding__hover=\u00bb|||\u00bb][et_pb_image src=\u00bbhttps:\/\/www.intercell.nl\/wp-content\/uploads\/2024\/12\/IATF-16949-CMYK.jpg\u00bb alt=\u00bbPriema BV ISO \/ TS 16949&#8243; title_text=\u00bblogo IATF 16949&#8243; align=\u00bbcenter\u00bb align_tablet=\u00bbcenter\u00bb align_phone=\u00bb\u00bb align_last_edited=\u00bbon|desktop\u00bb _builder_version=\u00bb4.27.3&#8243; max_width=\u00bb340px\u00bb use_border_color=\u00bboff\u00bb global_colors_info=\u00bb{}\u00bb][\/et_pb_image][\/et_pb_column][et_pb_column type=\u00bb1_2&#8243; _builder_version=\u00bb4.16&#8243; custom_padding=\u00bb|||\u00bb global_colors_info=\u00bb{}\u00bb custom_padding__hover=\u00bb|||\u00bb][et_pb_text admin_label=\u00bbTitel ISO\/TS 16949&#8243; _builder_version=\u00bb4.16&#8243; text_text_color=\u00bb#1d8acb\u00bb text_font_size=\u00bb48&#8243; text_line_height=\u00bb1.5em\u00bb background_size=\u00bbinitial\u00bb background_position=\u00bbtop_left\u00bb background_repeat=\u00bbrepeat\u00bb text_font_size_tablet=\u00bb30&#8243; text_font_size_phone=\u00bb22&#8243; text_font_size_last_edited=\u00bbon|phone\u00bb custom_css_main_element=\u00bbfont-weight:200;\u00bb use_border_color=\u00bboff\u00bb global_colors_info=\u00bb{}\u00bb]IATF 16949<br \/>\n[\/et_pb_text][et_pb_text _builder_version=\u00bb4.27.0&#8243; text_text_color=\u00bb#3f3f3f\u00bb text_font_size=\u00bb18&#8243; text_line_height=\u00bb1.5em\u00bb background_size=\u00bbinitial\u00bb background_position=\u00bbtop_left\u00bb background_repeat=\u00bbrepeat\u00bb text_font_size_tablet=\u00bb16&#8243; text_font_size_phone=\u00bb12&#8243; text_font_size_last_edited=\u00bbon|phone\u00bb custom_css_main_element=\u00bbfont-weight:300;\u00bb use_border_color=\u00bboff\u00bb saved_tabs=\u00bball\u00bb global_colors_info=\u00bb{}\u00bb]<\/p>\n<p>IATF 16949 se basa en ISO 9001 y se ha complementado con requisitos espec\u00edficos del sector para garantizar estructuralmente la priorizaci\u00f3n correcta y para lograr un proceso de mejora continua utilizando varios m\u00e9todos probados. El objetivo final de IATF 16949 es aumentar la confiabilidad de entrega y reducir el nivel de costo en toda la cadena mejorando continuamente la calidad, la eficacia y la eficiencia.<br \/> Las sucursales en Hoevelaken y Hardenberg est\u00e1n certificadas seg\u00fan esta norma.<\/p>\n<p><a href=\"https:\/\/priemabv.nl\/wp-content\/uploads\/certificaten\/IATF-16949-Priema-Metaalwaren-ENG.pdf\">Certificado IATF 16949 &#8211; Hoevelaken Ingl\u00e9s<\/a><\/p>\n<p><a href=\"https:\/\/priemabv.nl\/wp-content\/uploads\/certificaten\/IATF-16949-Priema-Cetra-ENG.pdf\">Certificado IATF 16949 &#8211; Hardenberg Ingl\u00e9s<\/a><\/p>\n<p><a href=\"https:\/\/priemabv.nl\/wp-content\/uploads\/certificaten\/IATF-16949-Priema-CZ-ENG.pdf\">Certificado IATF 16949 &#8211; Breclav Ingl\u00e9s<\/a><\/p>\n<p>[\/et_pb_text][\/et_pb_column][\/et_pb_row][\/et_pb_section]<\/p>\n","protected":false},"excerpt":{"rendered":"<p>ISO 14001 ISO 14001 es un est\u00e1ndar internacionalmente aceptado que indica lo que debe cumplir un buen sistema de gesti\u00f3n ambiental. El sistema de gesti\u00f3n ambiental de Priema Cetra est\u00e1 certificado seg\u00fan esta norma.<\/p>\n","protected":false},"author":1,"featured_media":0,"parent":0,"menu_order":0,"comment_status":"closed","ping_status":"closed","template":"","meta":{"_et_pb_use_builder":"on","_et_pb_old_content":"","_et_gb_content_width":"","footnotes":""},"class_list":["post-3342","page","type-page","status-publish","hentry"],"yoast_head":"<!-- This site is optimized with the Yoast SEO plugin v27.5 - https:\/\/yoast.com\/product\/yoast-seo-wordpress\/ -->\n<title>Calidad - Intercell.nl<\/title>\n<meta name=\"description\" content=\"Con las certificaciones ISO e IATF, Intercell demuestra su compromiso con la calidad, la sostenibilidad y la optimizaci\u00f3n de procesos.\" \/>\n<meta name=\"robots\" content=\"index, follow, max-snippet:-1, max-image-preview:large, max-video-preview:-1\" \/>\n<link rel=\"canonical\" href=\"https:\/\/www.intercell.nl\/es\/calidad\/\" \/>\n<meta property=\"og:locale\" content=\"es_ES\" \/>\n<meta property=\"og:type\" content=\"article\" \/>\n<meta property=\"og:title\" content=\"Calidad - Intercell.nl\" \/>\n<meta property=\"og:description\" content=\"Con las certificaciones ISO e IATF, Intercell demuestra su compromiso con la calidad, la sostenibilidad y la optimizaci\u00f3n de procesos.\" \/>\n<meta property=\"og:url\" content=\"https:\/\/www.intercell.nl\/es\/calidad\/\" \/>\n<meta property=\"og:site_name\" content=\"Intercell.nl\" \/>\n<meta property=\"article:modified_time\" content=\"2025-07-09T14:07:59+00:00\" \/>\n<meta name=\"twitter:card\" content=\"summary_large_image\" \/>\n<meta name=\"twitter:label1\" content=\"Tiempo de lectura\" \/>\n\t<meta name=\"twitter:data1\" content=\"3 minutos\" \/>\n<script type=\"application\/ld+json\" class=\"yoast-schema-graph\">{\"@context\":\"https:\\\/\\\/schema.org\",\"@graph\":[{\"@type\":\"WebPage\",\"@id\":\"https:\\\/\\\/www.intercell.nl\\\/es\\\/calidad\\\/\",\"url\":\"https:\\\/\\\/www.intercell.nl\\\/es\\\/calidad\\\/\",\"name\":\"Calidad - Intercell.nl\",\"isPartOf\":{\"@id\":\"https:\\\/\\\/www.intercell.nl\\\/es\\\/#website\"},\"datePublished\":\"2020-02-25T19:51:34+00:00\",\"dateModified\":\"2025-07-09T14:07:59+00:00\",\"description\":\"Con las certificaciones ISO e IATF, Intercell demuestra su compromiso con la calidad, la sostenibilidad y la optimizaci\u00f3n de procesos.\",\"breadcrumb\":{\"@id\":\"https:\\\/\\\/www.intercell.nl\\\/es\\\/calidad\\\/#breadcrumb\"},\"inLanguage\":\"es\",\"potentialAction\":[{\"@type\":\"ReadAction\",\"target\":[\"https:\\\/\\\/www.intercell.nl\\\/es\\\/calidad\\\/\"]}]},{\"@type\":\"BreadcrumbList\",\"@id\":\"https:\\\/\\\/www.intercell.nl\\\/es\\\/calidad\\\/#breadcrumb\",\"itemListElement\":[{\"@type\":\"ListItem\",\"position\":1,\"name\":\"Home\",\"item\":\"https:\\\/\\\/www.intercell.nl\\\/es\\\/\"},{\"@type\":\"ListItem\",\"position\":2,\"name\":\"Calidad\"}]},{\"@type\":\"WebSite\",\"@id\":\"https:\\\/\\\/www.intercell.nl\\\/es\\\/#website\",\"url\":\"https:\\\/\\\/www.intercell.nl\\\/es\\\/\",\"name\":\"Intercell.nl\",\"description\":\"Sistema de gesti\u00f3n de suelos de bajo perfil y ahorro de espacio.\",\"publisher\":{\"@id\":\"https:\\\/\\\/www.intercell.nl\\\/es\\\/#organization\"},\"potentialAction\":[{\"@type\":\"SearchAction\",\"target\":{\"@type\":\"EntryPoint\",\"urlTemplate\":\"https:\\\/\\\/www.intercell.nl\\\/es\\\/?s={search_term_string}\"},\"query-input\":{\"@type\":\"PropertyValueSpecification\",\"valueRequired\":true,\"valueName\":\"search_term_string\"}}],\"inLanguage\":\"es\"},{\"@type\":\"Organization\",\"@id\":\"https:\\\/\\\/www.intercell.nl\\\/es\\\/#organization\",\"name\":\"Intercell\",\"url\":\"https:\\\/\\\/www.intercell.nl\\\/es\\\/\",\"logo\":{\"@type\":\"ImageObject\",\"inLanguage\":\"es\",\"@id\":\"https:\\\/\\\/www.intercell.nl\\\/es\\\/#\\\/schema\\\/logo\\\/image\\\/\",\"url\":\"https:\\\/\\\/www.intercell.nl\\\/wp-content\\\/uploads\\\/2020\\\/02\\\/Priema-Intercell-Logo-1.png\",\"contentUrl\":\"https:\\\/\\\/www.intercell.nl\\\/wp-content\\\/uploads\\\/2020\\\/02\\\/Priema-Intercell-Logo-1.png\",\"width\":665,\"height\":84,\"caption\":\"Intercell\"},\"image\":{\"@id\":\"https:\\\/\\\/www.intercell.nl\\\/es\\\/#\\\/schema\\\/logo\\\/image\\\/\"}}]}<\/script>\n<!-- \/ Yoast SEO plugin. -->","yoast_head_json":{"title":"Calidad - Intercell.nl","description":"Con las certificaciones ISO e IATF, Intercell demuestra su compromiso con la calidad, la sostenibilidad y la optimizaci\u00f3n de procesos.","robots":{"index":"index","follow":"follow","max-snippet":"max-snippet:-1","max-image-preview":"max-image-preview:large","max-video-preview":"max-video-preview:-1"},"canonical":"https:\/\/www.intercell.nl\/es\/calidad\/","og_locale":"es_ES","og_type":"article","og_title":"Calidad - Intercell.nl","og_description":"Con las certificaciones ISO e IATF, Intercell demuestra su compromiso con la calidad, la sostenibilidad y la optimizaci\u00f3n de procesos.","og_url":"https:\/\/www.intercell.nl\/es\/calidad\/","og_site_name":"Intercell.nl","article_modified_time":"2025-07-09T14:07:59+00:00","twitter_card":"summary_large_image","twitter_misc":{"Tiempo de lectura":"3 minutos"},"schema":{"@context":"https:\/\/schema.org","@graph":[{"@type":"WebPage","@id":"https:\/\/www.intercell.nl\/es\/calidad\/","url":"https:\/\/www.intercell.nl\/es\/calidad\/","name":"Calidad - Intercell.nl","isPartOf":{"@id":"https:\/\/www.intercell.nl\/es\/#website"},"datePublished":"2020-02-25T19:51:34+00:00","dateModified":"2025-07-09T14:07:59+00:00","description":"Con las certificaciones ISO e IATF, Intercell demuestra su compromiso con la calidad, la sostenibilidad y la optimizaci\u00f3n de procesos.","breadcrumb":{"@id":"https:\/\/www.intercell.nl\/es\/calidad\/#breadcrumb"},"inLanguage":"es","potentialAction":[{"@type":"ReadAction","target":["https:\/\/www.intercell.nl\/es\/calidad\/"]}]},{"@type":"BreadcrumbList","@id":"https:\/\/www.intercell.nl\/es\/calidad\/#breadcrumb","itemListElement":[{"@type":"ListItem","position":1,"name":"Home","item":"https:\/\/www.intercell.nl\/es\/"},{"@type":"ListItem","position":2,"name":"Calidad"}]},{"@type":"WebSite","@id":"https:\/\/www.intercell.nl\/es\/#website","url":"https:\/\/www.intercell.nl\/es\/","name":"Intercell.nl","description":"Sistema de gesti\u00f3n de suelos de bajo perfil y ahorro de espacio.","publisher":{"@id":"https:\/\/www.intercell.nl\/es\/#organization"},"potentialAction":[{"@type":"SearchAction","target":{"@type":"EntryPoint","urlTemplate":"https:\/\/www.intercell.nl\/es\/?s={search_term_string}"},"query-input":{"@type":"PropertyValueSpecification","valueRequired":true,"valueName":"search_term_string"}}],"inLanguage":"es"},{"@type":"Organization","@id":"https:\/\/www.intercell.nl\/es\/#organization","name":"Intercell","url":"https:\/\/www.intercell.nl\/es\/","logo":{"@type":"ImageObject","inLanguage":"es","@id":"https:\/\/www.intercell.nl\/es\/#\/schema\/logo\/image\/","url":"https:\/\/www.intercell.nl\/wp-content\/uploads\/2020\/02\/Priema-Intercell-Logo-1.png","contentUrl":"https:\/\/www.intercell.nl\/wp-content\/uploads\/2020\/02\/Priema-Intercell-Logo-1.png","width":665,"height":84,"caption":"Intercell"},"image":{"@id":"https:\/\/www.intercell.nl\/es\/#\/schema\/logo\/image\/"}}]}},"_links":{"self":[{"href":"https:\/\/www.intercell.nl\/es\/wp-json\/wp\/v2\/pages\/3342","targetHints":{"allow":["GET"]}}],"collection":[{"href":"https:\/\/www.intercell.nl\/es\/wp-json\/wp\/v2\/pages"}],"about":[{"href":"https:\/\/www.intercell.nl\/es\/wp-json\/wp\/v2\/types\/page"}],"author":[{"embeddable":true,"href":"https:\/\/www.intercell.nl\/es\/wp-json\/wp\/v2\/users\/1"}],"replies":[{"embeddable":true,"href":"https:\/\/www.intercell.nl\/es\/wp-json\/wp\/v2\/comments?post=3342"}],"version-history":[{"count":0,"href":"https:\/\/www.intercell.nl\/es\/wp-json\/wp\/v2\/pages\/3342\/revisions"}],"wp:attachment":[{"href":"https:\/\/www.intercell.nl\/es\/wp-json\/wp\/v2\/media?parent=3342"}],"curies":[{"name":"wp","href":"https:\/\/api.w.org\/{rel}","templated":true}]}}