{"id":3338,"date":"2020-02-25T20:51:34","date_gmt":"2020-02-25T19:51:34","guid":{"rendered":"https:\/\/www.intercell.nl\/qualitat\/"},"modified":"2025-07-09T14:59:02","modified_gmt":"2025-07-09T13:59:02","slug":"qualitat","status":"publish","type":"page","link":"https:\/\/www.intercell.nl\/de\/qualitat\/","title":{"rendered":"Qualit\u00e4t"},"content":{"rendered":"<p>[et_pb_section fb_built=&#8220;1&#8243; fullwidth=&#8220;on&#8220; custom_padding_last_edited=&#8220;on|desktop&#8220; _builder_version=&#8220;4.16&#8243; background_image=&#8220;https:\/\/www.intercell.nl\/wp-content\/uploads\/2020\/02\/slider-boven.jpg&#8220; custom_padding_tablet=&#8220;50px|0|50px|0&#8243; custom_padding_phone=&#8220;&#8220; global_colors_info=&#8220;{}&#8220;][et_pb_fullwidth_header title=&#8220;Qualit\u00e4t&#8220; text_orientation=&#8220;center&#8220; content_max_width=&#8220;none&#8220; title_font_color=&#8220;#ffffff&#8220; admin_label=&#8220;Kop met beeld&#8220; _builder_version=&#8220;4.16&#8243; title_text_color=&#8220;#ffffff&#8220; title_font_size=&#8220;60px&#8220; background_color=&#8220;rgba(255, 255, 255, 0)&#8220; title_font_size_tablet=&#8220;40px&#8220; title_font_size_phone=&#8220;30px&#8220; title_font_size_last_edited=&#8220;on|phone&#8220; custom_css_title=&#8220;font-weight:200;&#8220; button_one_letter_spacing_hover=&#8220;0&#8243; button_two_letter_spacing_hover=&#8220;0&#8243; global_colors_info=&#8220;{}&#8220; button_one_text_size__hover_enabled=&#8220;off&#8220; button_two_text_size__hover_enabled=&#8220;off&#8220; button_one_text_color__hover_enabled=&#8220;off&#8220; button_two_text_color__hover_enabled=&#8220;off&#8220; button_one_border_width__hover_enabled=&#8220;off&#8220; button_two_border_width__hover_enabled=&#8220;off&#8220; button_one_border_color__hover_enabled=&#8220;off&#8220; button_two_border_color__hover_enabled=&#8220;off&#8220; button_one_border_radius__hover_enabled=&#8220;off&#8220; button_two_border_radius__hover_enabled=&#8220;off&#8220; button_one_letter_spacing__hover_enabled=&#8220;on&#8220; button_one_letter_spacing__hover=&#8220;0&#8243; button_two_letter_spacing__hover_enabled=&#8220;on&#8220; button_two_letter_spacing__hover=&#8220;0&#8243; button_one_bg_color__hover_enabled=&#8220;off&#8220; button_two_bg_color__hover_enabled=&#8220;off&#8220;][\/et_pb_fullwidth_header][\/et_pb_section][et_pb_section fb_built=&#8220;1&#8243; custom_padding_last_edited=&#8220;on|desktop&#8220; admin_label=&#8220;section&#8220; module_id=&#8220;Chancen&#8220; _builder_version=&#8220;4.16&#8243; custom_padding_tablet=&#8220;50px|0|50px|0&#8243; custom_padding_phone=&#8220;&#8220; transparent_background=&#8220;off&#8220; padding_mobile=&#8220;off&#8220; make_fullwidth=&#8220;off&#8220; use_custom_width=&#8220;off&#8220; width_unit=&#8220;on&#8220; global_colors_info=&#8220;{}&#8220;][et_pb_row column_structure=&#8220;1_2,1_2&#8243; admin_label=&#8220;Reiche&#8220; _builder_version=&#8220;4.16&#8243; background_size=&#8220;initial&#8220; background_position=&#8220;top_left&#8220; background_repeat=&#8220;repeat&#8220; global_colors_info=&#8220;{}&#8220;][et_pb_column type=&#8220;1_2&#8243; _builder_version=&#8220;4.16&#8243; custom_padding=&#8220;|||&#8220; global_colors_info=&#8220;{}&#8220; custom_padding__hover=&#8220;|||&#8220;][et_pb_text admin_label=&#8220;Titel ISO 14001&#8243; _builder_version=&#8220;4.16&#8243; text_text_color=&#8220;#1d8acb&#8220; text_font_size=&#8220;48&#8243; text_line_height=&#8220;1.5em&#8220; background_size=&#8220;initial&#8220; background_position=&#8220;top_left&#8220; background_repeat=&#8220;repeat&#8220; text_font_size_tablet=&#8220;30&#8243; text_font_size_phone=&#8220;22&#8243; text_font_size_last_edited=&#8220;on|phone&#8220; custom_css_main_element=&#8220;font-weight:200;&#8220; use_border_color=&#8220;off&#8220; border_color=&#8220;#ffffff&#8220; border_style=&#8220;solid&#8220; global_colors_info=&#8220;{}&#8220;]ISO 14001<br \/>\n[\/et_pb_text][et_pb_text _builder_version=&#8220;4.16&#8243; text_text_color=&#8220;#3f3f3f&#8220; text_font_size=&#8220;18&#8243; text_line_height=&#8220;1.5em&#8220; background_size=&#8220;initial&#8220; background_position=&#8220;top_left&#8220; background_repeat=&#8220;repeat&#8220; text_font_size_tablet=&#8220;16&#8243; text_font_size_phone=&#8220;12&#8243; text_font_size_last_edited=&#8220;on|phone&#8220; custom_css_main_element=&#8220;font-weight:300;&#8220; border_style=&#8220;solid&#8220; global_colors_info=&#8220;{}&#8220;]ISO 14001 ist eine international anerkannte Norm, die angibt, was ein gutes Umweltmanagementsystem erf\u00fcllen sollte. Das Umweltmanagementsystem von Priema Cetra ist nach dieser Norm zertifiziert.<\/p>\n<p><a href=\"https:\/\/priemabv.nl\/wp-content\/uploads\/certificaten\/ISO-14001-Priema-Metaalwaren-ENG.pdf\">Zertifikat ISO 14001 &#8211; Hoevelaken English<\/a><\/p>\n<p><a href=\"https:\/\/priemabv.nl\/wp-content\/uploads\/certificaten\/ISO-14001-Priema-Cetra-ENG.pdf\">Zertifikat ISO 14001 &#8211; Hardenberg English<\/a>[\/et_pb_text][\/et_pb_column][et_pb_column type=&#8220;1_2&#8243; _builder_version=&#8220;4.16&#8243; custom_padding=&#8220;|||&#8220; global_colors_info=&#8220;{}&#8220; custom_padding__hover=&#8220;|||&#8220;][et_pb_image src=&#8220;https:\/\/www.intercell.nl\/wp-content\/uploads\/2021\/09\/logo-ISO14001.jpg&#8220; alt=&#8220;Priema BV ISO 14001&#8243; title_text=&#8220;logo ISO14001&#8243; align=&#8220;center&#8220; align_tablet=&#8220;center&#8220; align_phone=&#8220;&#8220; align_last_edited=&#8220;on|desktop&#8220; _builder_version=&#8220;4.16&#8243; max_width=&#8220;300px&#8220; use_border_color=&#8220;off&#8220; global_colors_info=&#8220;{}&#8220;][\/et_pb_image][\/et_pb_column][\/et_pb_row][et_pb_row _builder_version=&#8220;4.16&#8243; background_size=&#8220;initial&#8220; background_position=&#8220;top_left&#8220; background_repeat=&#8220;repeat&#8220; global_colors_info=&#8220;{}&#8220;][et_pb_column type=&#8220;4_4&#8243; _builder_version=&#8220;4.16&#8243; custom_padding=&#8220;|||&#8220; global_colors_info=&#8220;{}&#8220; custom_padding__hover=&#8220;|||&#8220;][et_pb_divider color=&#8220;#d6d9db&#8220; disabled_on=&#8220;on|on|off&#8220; _builder_version=&#8220;3.2&#8243; hide_on_mobile=&#8220;on&#8220;][\/et_pb_divider][\/et_pb_column][\/et_pb_row][et_pb_row column_structure=&#8220;1_2,1_2&#8243; admin_label=&#8220;Reiche&#8220; _builder_version=&#8220;4.16&#8243; background_size=&#8220;initial&#8220; background_position=&#8220;top_left&#8220; background_repeat=&#8220;repeat&#8220; global_colors_info=&#8220;{}&#8220;][et_pb_column type=&#8220;1_2&#8243; _builder_version=&#8220;4.16&#8243; custom_padding=&#8220;|||&#8220; global_colors_info=&#8220;{}&#8220; custom_padding__hover=&#8220;|||&#8220;][et_pb_image src=&#8220;https:\/\/www.intercell.nl\/wp-content\/uploads\/2024\/12\/ISO-9001-CMYK.jpg&#8220; alt=&#8220;Priema BV ISO 9001&#8243; title_text=&#8220;logo ISO 9001&#8243; align=&#8220;center&#8220; align_tablet=&#8220;center&#8220; align_phone=&#8220;&#8220; align_last_edited=&#8220;on|desktop&#8220; _builder_version=&#8220;4.27.3&#8243; max_width=&#8220;340px&#8220; use_border_color=&#8220;off&#8220; global_colors_info=&#8220;{}&#8220;][\/et_pb_image][\/et_pb_column][et_pb_column type=&#8220;1_2&#8243; _builder_version=&#8220;4.16&#8243; custom_padding=&#8220;|||&#8220; global_colors_info=&#8220;{}&#8220; custom_padding__hover=&#8220;|||&#8220;][et_pb_text admin_label=&#8220;Titel ISO 9001&#8243; _builder_version=&#8220;4.16&#8243; text_text_color=&#8220;#1d8acb&#8220; text_font_size=&#8220;48&#8243; text_line_height=&#8220;1.5em&#8220; background_size=&#8220;initial&#8220; background_position=&#8220;top_left&#8220; background_repeat=&#8220;repeat&#8220; text_font_size_tablet=&#8220;30&#8243; text_font_size_phone=&#8220;22&#8243; text_font_size_last_edited=&#8220;on|phone&#8220; custom_css_main_element=&#8220;font-weight:200;&#8220; use_border_color=&#8220;off&#8220; border_color=&#8220;#ffffff&#8220; border_style=&#8220;solid&#8220; global_colors_info=&#8220;{}&#8220;]ISO 9001<br \/>\n[\/et_pb_text][et_pb_text _builder_version=&#8220;4.27.0&#8243; text_text_color=&#8220;#3f3f3f&#8220; text_font_size=&#8220;18&#8243; text_line_height=&#8220;1.5em&#8220; background_size=&#8220;initial&#8220; background_position=&#8220;top_left&#8220; background_repeat=&#8220;repeat&#8220; text_font_size_tablet=&#8220;16&#8243; text_font_size_phone=&#8220;12&#8243; text_font_size_last_edited=&#8220;on|phone&#8220; custom_css_main_element=&#8220;font-weight:300;&#8220; saved_tabs=&#8220;all&#8220; global_colors_info=&#8220;{}&#8220;]ISO 9001: 2008 ist eine Norm, die Anforderungen an das Qualit\u00e4tsmanagementsystem einer Organisation festlegt. ISO 9001 betont die Kundenzufriedenheit und die daraus resultierende Qualit\u00e4tssicherung und kontinuierliche Verbesserung.<br \/>\nPriema ist seit 1996 nach ISO 9001 zertifiziert.<\/p>\n<p><a href=\"https:\/\/priemabv.nl\/wp-content\/uploads\/certificaten\/ISO-9001-Priema-Metaalwaren-ENG.pdf\">Zertifikat ISO 9001 &#8211; Hoevelaken Englisch<\/a><\/p>\n<p><a href=\"https:\/\/priemabv.nl\/wp-content\/uploads\/certificaten\/ISO-9001-Priema-Cetra-ENG.pdf\">Zertifikat ISO 9001 &#8211; Hardenberg Englisch<\/a><\/p>\n<p><a href=\"https:\/\/priemabv.nl\/wp-content\/uploads\/certificaten\/ISO-9001-Priema-CZ-ENG.pdf\">Zertifikat ISO 9001 &#8211; Breclav Englisch<\/a>[\/et_pb_text][\/et_pb_column][\/et_pb_row][et_pb_row _builder_version=&#8220;4.16&#8243; background_size=&#8220;initial&#8220; background_position=&#8220;top_left&#8220; background_repeat=&#8220;repeat&#8220; global_colors_info=&#8220;{}&#8220;][et_pb_column type=&#8220;4_4&#8243; _builder_version=&#8220;4.16&#8243; custom_padding=&#8220;|||&#8220; global_colors_info=&#8220;{}&#8220; custom_padding__hover=&#8220;|||&#8220;][et_pb_divider color=&#8220;#d6d9db&#8220; disabled_on=&#8220;on|on|off&#8220; _builder_version=&#8220;3.2&#8243; hide_on_mobile=&#8220;on&#8220;][\/et_pb_divider][\/et_pb_column][\/et_pb_row][et_pb_row column_structure=&#8220;1_2,1_2&#8243; admin_label=&#8220;Reiche&#8220; _builder_version=&#8220;4.16&#8243; background_size=&#8220;initial&#8220; background_position=&#8220;top_left&#8220; background_repeat=&#8220;repeat&#8220; global_colors_info=&#8220;{}&#8220;][et_pb_column type=&#8220;1_2&#8243; _builder_version=&#8220;4.16&#8243; custom_padding=&#8220;|||&#8220; global_colors_info=&#8220;{}&#8220; custom_padding__hover=&#8220;|||&#8220;][et_pb_text admin_label=&#8220;Titel ISO\/TS 16949&#8243; _builder_version=&#8220;4.16&#8243; text_text_color=&#8220;#1d8acb&#8220; text_font_size=&#8220;48&#8243; text_line_height=&#8220;1.5em&#8220; background_size=&#8220;initial&#8220; background_position=&#8220;top_left&#8220; background_repeat=&#8220;repeat&#8220; text_font_size_tablet=&#8220;30&#8243; text_font_size_phone=&#8220;22&#8243; text_font_size_last_edited=&#8220;on|phone&#8220; custom_css_main_element=&#8220;font-weight:200;&#8220; use_border_color=&#8220;off&#8220; global_colors_info=&#8220;{}&#8220;]ISO 3834[\/et_pb_text][et_pb_text _builder_version=&#8220;4.16&#8243; text_text_color=&#8220;#3f3f3f&#8220; text_font_size=&#8220;18&#8243; text_line_height=&#8220;1.5em&#8220; background_size=&#8220;initial&#8220; background_position=&#8220;top_left&#8220; background_repeat=&#8220;repeat&#8220; text_font_size_tablet=&#8220;16&#8243; text_font_size_phone=&#8220;12&#8243; text_font_size_last_edited=&#8220;on|phone&#8220; custom_css_main_element=&#8220;font-weight:300;&#8220; use_border_color=&#8220;off&#8220; saved_tabs=&#8220;all&#8220; global_colors_info=&#8220;{}&#8220;]Das ISO 3834-2-Zertifikat garantiert alle Qualit\u00e4tsanforderungen f\u00fcr qualifiziertes Schwei\u00dfen f\u00fcr Kunden von Priema BV. ISO 3834-2 ist ein internationales Qualit\u00e4tssicherungssystem f\u00fcr Schmelzschwei\u00dfprozesse. Schwei\u00dfen ist ein spezielles Verfahren, das viele Risiken birgt. Daher ist es logisch, dass unsere Kunden diesbez\u00fcglich Anforderungen stellen. Die Zertifizierung wird fast immer von Kunden in allen M\u00e4rkten wie Verteidigung, Offshore, Automobil, Schieneninfrastruktur und der petrochemischen Industrie gefordert.<\/p>\n<p>Innerhalb unseres Qualit\u00e4tssystems sind die Aufgaben und Verantwortlichkeiten rund um das Schwei\u00dfen klar definiert. Eine herausragende Rolle spielt dabei eine Schwei\u00dfaufsicht. Die Aufgaben der Schwei\u00dfaufsicht beziehen sich auf die Ermittlung der richtigen Schwei\u00dfverfahren, Schwei\u00dferqualifikationen, Vorbereitung, Fertigung, Koordination, Ausr\u00fcstung, R\u00fcckverfolgbarkeit, Prozess\u00fcberwachung, Pr\u00fcfung und Kontrolle des Schwei\u00dfprozesses.<\/p>\n<p>Mit dem ISO 3834-2-Zertifikat erf\u00fcllt Priema die strengsten Kriterien innerhalb dieser Norm und erf\u00fcllt damit auch alle ISO 3834-Anforderungen unserer Kunden f\u00fcr das Schwarzstahl-, Nichteisen- und Aluminiumschwei\u00dfen.<\/p>\n<p><a href=\"https:\/\/priemabv.nl\/wp-content\/uploads\/certificaten\/ISO-3834-Priema-Metaalwaren-ENG.pdf\">Zertifikat ISO 3834 &#8211; Hoevelaken Englisch<\/a><\/p>\n<p><a href=\"https:\/\/priemabv.nl\/wp-content\/uploads\/certificaten\/ISO-3834-Priema-Cetra-ENG.pdf\">Zertifikat ISO 3834 &#8211; Hardenberg Englisch<\/a>[\/et_pb_text][\/et_pb_column][et_pb_column type=&#8220;1_2&#8243; _builder_version=&#8220;4.16&#8243; custom_padding=&#8220;|||&#8220; global_colors_info=&#8220;{}&#8220; custom_padding__hover=&#8220;|||&#8220;][et_pb_image src=&#8220;https:\/\/www.intercell.nl\/wp-content\/uploads\/2025\/01\/ISO-3834-RvA-C-278-CMYK.jpg&#8220; alt=&#8220;Priema BV ISO \/ TS 16949&#8243; title_text=&#8220;logo ISO 3843&#8243; align=&#8220;center&#8220; align_tablet=&#8220;center&#8220; align_phone=&#8220;&#8220; align_last_edited=&#8220;on|desktop&#8220; _builder_version=&#8220;4.27.3&#8243; hover_enabled=&#8220;0&#8243; use_border_color=&#8220;off&#8220; global_colors_info=&#8220;{}&#8220; force_fullwidth=&#8220;on&#8220; sticky_enabled=&#8220;0&#8243;][\/et_pb_image][\/et_pb_column][\/et_pb_row][et_pb_row _builder_version=&#8220;4.16&#8243; background_size=&#8220;initial&#8220; background_position=&#8220;top_left&#8220; background_repeat=&#8220;repeat&#8220; global_colors_info=&#8220;{}&#8220;][et_pb_column type=&#8220;4_4&#8243; _builder_version=&#8220;4.16&#8243; custom_padding=&#8220;|||&#8220; global_colors_info=&#8220;{}&#8220; custom_padding__hover=&#8220;|||&#8220;][et_pb_divider color=&#8220;#d6d9db&#8220; disabled_on=&#8220;on|on|off&#8220; _builder_version=&#8220;3.2&#8243; hide_on_mobile=&#8220;on&#8220;][\/et_pb_divider][\/et_pb_column][\/et_pb_row][et_pb_row column_structure=&#8220;1_2,1_2&#8243; admin_label=&#8220;Reiche&#8220; _builder_version=&#8220;4.16&#8243; background_size=&#8220;initial&#8220; background_position=&#8220;top_left&#8220; background_repeat=&#8220;repeat&#8220; global_colors_info=&#8220;{}&#8220;][et_pb_column type=&#8220;1_2&#8243; _builder_version=&#8220;4.16&#8243; custom_padding=&#8220;|||&#8220; global_colors_info=&#8220;{}&#8220; custom_padding__hover=&#8220;|||&#8220;][et_pb_image src=&#8220;https:\/\/www.intercell.nl\/wp-content\/uploads\/2024\/12\/IATF-16949-CMYK.jpg&#8220; alt=&#8220;Priema BV ISO \/ TS 16949&#8243; title_text=&#8220;logo IATF 16949&#8243; align=&#8220;center&#8220; align_tablet=&#8220;center&#8220; align_phone=&#8220;&#8220; align_last_edited=&#8220;on|desktop&#8220; _builder_version=&#8220;4.27.3&#8243; max_width=&#8220;340px&#8220; use_border_color=&#8220;off&#8220; global_colors_info=&#8220;{}&#8220;][\/et_pb_image][\/et_pb_column][et_pb_column type=&#8220;1_2&#8243; _builder_version=&#8220;4.16&#8243; custom_padding=&#8220;|||&#8220; global_colors_info=&#8220;{}&#8220; custom_padding__hover=&#8220;|||&#8220;][et_pb_text admin_label=&#8220;Titel ISO\/TS 16949&#8243; _builder_version=&#8220;4.16&#8243; text_text_color=&#8220;#1d8acb&#8220; text_font_size=&#8220;48&#8243; text_line_height=&#8220;1.5em&#8220; background_size=&#8220;initial&#8220; background_position=&#8220;top_left&#8220; background_repeat=&#8220;repeat&#8220; text_font_size_tablet=&#8220;30&#8243; text_font_size_phone=&#8220;22&#8243; text_font_size_last_edited=&#8220;on|phone&#8220; custom_css_main_element=&#8220;font-weight:200;&#8220; use_border_color=&#8220;off&#8220; global_colors_info=&#8220;{}&#8220;]IATF 16949<br \/>\n[\/et_pb_text][et_pb_text _builder_version=&#8220;4.27.0&#8243; text_text_color=&#8220;#3f3f3f&#8220; text_font_size=&#8220;18&#8243; text_line_height=&#8220;1.5em&#8220; background_size=&#8220;initial&#8220; background_position=&#8220;top_left&#8220; background_repeat=&#8220;repeat&#8220; text_font_size_tablet=&#8220;16&#8243; text_font_size_phone=&#8220;12&#8243; text_font_size_last_edited=&#8220;on|phone&#8220; custom_css_main_element=&#8220;font-weight:300;&#8220; use_border_color=&#8220;off&#8220; saved_tabs=&#8220;all&#8220; global_colors_info=&#8220;{}&#8220;]<\/p>\n<p>Die IATF 16949 basiert auf der ISO 9001 und wurde um branchenspezifische Anforderungen erg\u00e4nzt, um die richtige Priorisierung strukturell zu gew\u00e4hrleisten und einen kontinuierlichen Verbesserungsprozess mit einer Reihe bew\u00e4hrter Methoden zu erreichen. Oberstes Ziel der IATF 16949 ist es, durch kontinuierliche Verbesserung von Qualit\u00e4t, Effektivit\u00e4t und Effizienz die Liefertreue zu erh\u00f6hen und das Kostenniveau in der gesamten Kette zu senken. Alle Priema-Standorte sind nach diesem Standard zertifiziert.<\/p>\n<p><a href=\"https:\/\/priemabv.nl\/wp-content\/uploads\/certificaten\/IATF-16949-Priema-Metaalwaren-ENG.pdf\">Zertifikat IATF 16949 &#8211; Hoevelaken Englisch<\/a><\/p>\n<p><a href=\"https:\/\/priemabv.nl\/wp-content\/uploads\/certificaten\/IATF-16949-Priema-Cetra-ENG.pdf\">Zertifikat IATF 16949 &#8211; Hardenberg Englisch<\/a><\/p>\n<p><a href=\"https:\/\/priemabv.nl\/wp-content\/uploads\/certificaten\/IATF-16949-Priema-CZ-ENG.pdf\">Zertifikat IATF 16949 &#8211; Breclav Englisch<\/a><\/p>\n<p>[\/et_pb_text][\/et_pb_column][\/et_pb_row][\/et_pb_section]<\/p>\n","protected":false},"excerpt":{"rendered":"<p>ISO 14001 ISO 14001 ist eine international anerkannte Norm, die angibt, was ein gutes Umweltmanagementsystem erf\u00fcllen sollte. Das Umweltmanagementsystem von Priema Cetra ist nach dieser Norm zertifiziert. Zertifikat ISO 14001 &#8211; Hoevelaken English Zertifikat ISO 14001 &#8211; Hardenberg EnglishISO 9001 ISO 9001: 2008 ist eine Norm, die Anforderungen an das Qualit\u00e4tsmanagementsystem einer Organisation festlegt. ISO [&hellip;]<\/p>\n","protected":false},"author":1,"featured_media":0,"parent":0,"menu_order":0,"comment_status":"closed","ping_status":"closed","template":"","meta":{"_et_pb_use_builder":"on","_et_pb_old_content":"","_et_gb_content_width":"","footnotes":""},"class_list":["post-3338","page","type-page","status-publish","hentry"],"yoast_head":"<!-- This site is optimized with the Yoast SEO plugin v27.5 - https:\/\/yoast.com\/product\/yoast-seo-wordpress\/ -->\n<title>Qualit\u00e4t - Intercell.nl<\/title>\n<meta name=\"description\" content=\"Mit IATF, ISO Zertifizierungen demonstriert Priema sein Engagement f\u00fcr Qualit\u00e4t, Nachhaltigkeit und Prozessoptimierung.\" \/>\n<meta name=\"robots\" content=\"index, follow, max-snippet:-1, max-image-preview:large, max-video-preview:-1\" \/>\n<link rel=\"canonical\" href=\"https:\/\/www.intercell.nl\/de\/qualitat\/\" \/>\n<meta property=\"og:locale\" content=\"de_DE\" \/>\n<meta property=\"og:type\" content=\"article\" \/>\n<meta property=\"og:title\" content=\"Qualit\u00e4t - Intercell.nl\" \/>\n<meta property=\"og:description\" content=\"Mit IATF, ISO Zertifizierungen demonstriert Priema sein Engagement f\u00fcr Qualit\u00e4t, Nachhaltigkeit und Prozessoptimierung.\" \/>\n<meta property=\"og:url\" content=\"https:\/\/www.intercell.nl\/de\/qualitat\/\" \/>\n<meta property=\"og:site_name\" content=\"Intercell.nl\" \/>\n<meta property=\"article:modified_time\" content=\"2025-07-09T13:59:02+00:00\" \/>\n<meta name=\"twitter:card\" content=\"summary_large_image\" \/>\n<meta name=\"twitter:label1\" content=\"Gesch\u00e4tzte Lesezeit\" \/>\n\t<meta name=\"twitter:data1\" content=\"3\u00a0Minuten\" \/>\n<script type=\"application\/ld+json\" class=\"yoast-schema-graph\">{\"@context\":\"https:\\\/\\\/schema.org\",\"@graph\":[{\"@type\":\"WebPage\",\"@id\":\"https:\\\/\\\/www.intercell.nl\\\/de\\\/qualitat\\\/\",\"url\":\"https:\\\/\\\/www.intercell.nl\\\/de\\\/qualitat\\\/\",\"name\":\"Qualit\u00e4t - Intercell.nl\",\"isPartOf\":{\"@id\":\"https:\\\/\\\/www.intercell.nl\\\/de\\\/#website\"},\"datePublished\":\"2020-02-25T19:51:34+00:00\",\"dateModified\":\"2025-07-09T13:59:02+00:00\",\"description\":\"Mit IATF, ISO Zertifizierungen demonstriert Priema sein Engagement f\u00fcr Qualit\u00e4t, Nachhaltigkeit und Prozessoptimierung.\",\"breadcrumb\":{\"@id\":\"https:\\\/\\\/www.intercell.nl\\\/de\\\/qualitat\\\/#breadcrumb\"},\"inLanguage\":\"de\",\"potentialAction\":[{\"@type\":\"ReadAction\",\"target\":[\"https:\\\/\\\/www.intercell.nl\\\/de\\\/qualitat\\\/\"]}]},{\"@type\":\"BreadcrumbList\",\"@id\":\"https:\\\/\\\/www.intercell.nl\\\/de\\\/qualitat\\\/#breadcrumb\",\"itemListElement\":[{\"@type\":\"ListItem\",\"position\":1,\"name\":\"Home\",\"item\":\"https:\\\/\\\/www.intercell.nl\\\/de\\\/\"},{\"@type\":\"ListItem\",\"position\":2,\"name\":\"Qualit\u00e4t\"}]},{\"@type\":\"WebSite\",\"@id\":\"https:\\\/\\\/www.intercell.nl\\\/de\\\/#website\",\"url\":\"https:\\\/\\\/www.intercell.nl\\\/de\\\/\",\"name\":\"Intercell.nl\",\"description\":\"Platzsparendes, flaches Bodenmanagementsystem.\",\"publisher\":{\"@id\":\"https:\\\/\\\/www.intercell.nl\\\/de\\\/#organization\"},\"potentialAction\":[{\"@type\":\"SearchAction\",\"target\":{\"@type\":\"EntryPoint\",\"urlTemplate\":\"https:\\\/\\\/www.intercell.nl\\\/de\\\/?s={search_term_string}\"},\"query-input\":{\"@type\":\"PropertyValueSpecification\",\"valueRequired\":true,\"valueName\":\"search_term_string\"}}],\"inLanguage\":\"de\"},{\"@type\":\"Organization\",\"@id\":\"https:\\\/\\\/www.intercell.nl\\\/de\\\/#organization\",\"name\":\"Intercell\",\"url\":\"https:\\\/\\\/www.intercell.nl\\\/de\\\/\",\"logo\":{\"@type\":\"ImageObject\",\"inLanguage\":\"de\",\"@id\":\"https:\\\/\\\/www.intercell.nl\\\/de\\\/#\\\/schema\\\/logo\\\/image\\\/\",\"url\":\"https:\\\/\\\/www.intercell.nl\\\/wp-content\\\/uploads\\\/2020\\\/02\\\/Priema-Intercell-Logo-1.png\",\"contentUrl\":\"https:\\\/\\\/www.intercell.nl\\\/wp-content\\\/uploads\\\/2020\\\/02\\\/Priema-Intercell-Logo-1.png\",\"width\":665,\"height\":84,\"caption\":\"Intercell\"},\"image\":{\"@id\":\"https:\\\/\\\/www.intercell.nl\\\/de\\\/#\\\/schema\\\/logo\\\/image\\\/\"}}]}<\/script>\n<!-- \/ Yoast SEO plugin. -->","yoast_head_json":{"title":"Qualit\u00e4t - Intercell.nl","description":"Mit IATF, ISO Zertifizierungen demonstriert Priema sein Engagement f\u00fcr Qualit\u00e4t, Nachhaltigkeit und Prozessoptimierung.","robots":{"index":"index","follow":"follow","max-snippet":"max-snippet:-1","max-image-preview":"max-image-preview:large","max-video-preview":"max-video-preview:-1"},"canonical":"https:\/\/www.intercell.nl\/de\/qualitat\/","og_locale":"de_DE","og_type":"article","og_title":"Qualit\u00e4t - Intercell.nl","og_description":"Mit IATF, ISO Zertifizierungen demonstriert Priema sein Engagement f\u00fcr Qualit\u00e4t, Nachhaltigkeit und Prozessoptimierung.","og_url":"https:\/\/www.intercell.nl\/de\/qualitat\/","og_site_name":"Intercell.nl","article_modified_time":"2025-07-09T13:59:02+00:00","twitter_card":"summary_large_image","twitter_misc":{"Gesch\u00e4tzte Lesezeit":"3\u00a0Minuten"},"schema":{"@context":"https:\/\/schema.org","@graph":[{"@type":"WebPage","@id":"https:\/\/www.intercell.nl\/de\/qualitat\/","url":"https:\/\/www.intercell.nl\/de\/qualitat\/","name":"Qualit\u00e4t - Intercell.nl","isPartOf":{"@id":"https:\/\/www.intercell.nl\/de\/#website"},"datePublished":"2020-02-25T19:51:34+00:00","dateModified":"2025-07-09T13:59:02+00:00","description":"Mit IATF, ISO Zertifizierungen demonstriert Priema sein Engagement f\u00fcr Qualit\u00e4t, Nachhaltigkeit und Prozessoptimierung.","breadcrumb":{"@id":"https:\/\/www.intercell.nl\/de\/qualitat\/#breadcrumb"},"inLanguage":"de","potentialAction":[{"@type":"ReadAction","target":["https:\/\/www.intercell.nl\/de\/qualitat\/"]}]},{"@type":"BreadcrumbList","@id":"https:\/\/www.intercell.nl\/de\/qualitat\/#breadcrumb","itemListElement":[{"@type":"ListItem","position":1,"name":"Home","item":"https:\/\/www.intercell.nl\/de\/"},{"@type":"ListItem","position":2,"name":"Qualit\u00e4t"}]},{"@type":"WebSite","@id":"https:\/\/www.intercell.nl\/de\/#website","url":"https:\/\/www.intercell.nl\/de\/","name":"Intercell.nl","description":"Platzsparendes, flaches Bodenmanagementsystem.","publisher":{"@id":"https:\/\/www.intercell.nl\/de\/#organization"},"potentialAction":[{"@type":"SearchAction","target":{"@type":"EntryPoint","urlTemplate":"https:\/\/www.intercell.nl\/de\/?s={search_term_string}"},"query-input":{"@type":"PropertyValueSpecification","valueRequired":true,"valueName":"search_term_string"}}],"inLanguage":"de"},{"@type":"Organization","@id":"https:\/\/www.intercell.nl\/de\/#organization","name":"Intercell","url":"https:\/\/www.intercell.nl\/de\/","logo":{"@type":"ImageObject","inLanguage":"de","@id":"https:\/\/www.intercell.nl\/de\/#\/schema\/logo\/image\/","url":"https:\/\/www.intercell.nl\/wp-content\/uploads\/2020\/02\/Priema-Intercell-Logo-1.png","contentUrl":"https:\/\/www.intercell.nl\/wp-content\/uploads\/2020\/02\/Priema-Intercell-Logo-1.png","width":665,"height":84,"caption":"Intercell"},"image":{"@id":"https:\/\/www.intercell.nl\/de\/#\/schema\/logo\/image\/"}}]}},"_links":{"self":[{"href":"https:\/\/www.intercell.nl\/de\/wp-json\/wp\/v2\/pages\/3338","targetHints":{"allow":["GET"]}}],"collection":[{"href":"https:\/\/www.intercell.nl\/de\/wp-json\/wp\/v2\/pages"}],"about":[{"href":"https:\/\/www.intercell.nl\/de\/wp-json\/wp\/v2\/types\/page"}],"author":[{"embeddable":true,"href":"https:\/\/www.intercell.nl\/de\/wp-json\/wp\/v2\/users\/1"}],"replies":[{"embeddable":true,"href":"https:\/\/www.intercell.nl\/de\/wp-json\/wp\/v2\/comments?post=3338"}],"version-history":[{"count":0,"href":"https:\/\/www.intercell.nl\/de\/wp-json\/wp\/v2\/pages\/3338\/revisions"}],"wp:attachment":[{"href":"https:\/\/www.intercell.nl\/de\/wp-json\/wp\/v2\/media?parent=3338"}],"curies":[{"name":"wp","href":"https:\/\/api.w.org\/{rel}","templated":true}]}}